{"id":3046,"date":"2018-11-26T14:04:19","date_gmt":"2018-11-26T13:04:19","guid":{"rendered":"http:\/\/www.synthes3d.com\/?page_id=3046"},"modified":"2023-12-19T13:59:45","modified_gmt":"2023-12-19T12:59:45","slug":"contact","status":"publish","type":"page","link":"https:\/\/www.synthes3d.com\/en\/contact\/","title":{"rendered":"Contact us"},"content":{"rendered":"<section class=\"l-section wpb_row us_custom_35d02291 bg_logo_header height_auto with_img\"><div class=\"l-section-img\" role=\"img\" aria-label=\"Image\" data-img-width=\"489\" data-img-height=\"539\" style=\"background-image: url(https:\/\/www.synthes3d.com\/wp-content\/uploads\/2018\/07\/bg_logo.jpg);background-position: top right;background-repeat: no-repeat;background-size: auto;\"><\/div><div class=\"l-section-h i-cf\"><div class=\"g-cols vc_row via_flex valign_top type_default stacking_default\"><div class=\"vc_col-sm-12 wpb_column vc_column_container\"><div class=\"vc_column-inner\"><div class=\"wpb_wrapper\"><div id=\"ultimate-heading-228269e1ee7dcae73\" class=\"uvc-heading ult-adjust-bottom-margin ultimate-heading-228269e1ee7dcae73 uvc-5359 majuscule\" data-hspacer=\"no_spacer\"  data-halign=\"center\" style=\"text-align:center\"><div class=\"uvc-heading-spacer no_spacer\" style=\"top\"><\/div><div class=\"uvc-main-heading ult-responsive\"  data-ultimate-target='.uvc-heading.ultimate-heading-228269e1ee7dcae73 h1'  data-responsive-json-new='{\"font-size\":\"desktop:40px;\",\"line-height\":\"\"}' ><h1 style=\"font-weight:normal;\">Contact us<\/h1><\/div><\/div><div class=\"g-cols wpb_row us_custom_7048c7c6 via_flex valign_top type_default stacking_default\"><div class=\"vc_col-sm-6 wpb_column vc_column_container\"><div class=\"vc_column-inner us_custom_d44505f5\"><div class=\"wpb_wrapper\"><div class=\"smile_icon_list_wrap ult_info_list_container ult-adjust-bottom-margin icones_contact \"><ul class=\"smile_icon_list left square with_bg\"><li class=\"icon_list_item\" style=\" font-size:60px;\"><div class=\"icon_list_icon\" data-animation=\"\" data-animation-delay=\"03\" style=\"font-size:20px;border-width:1px;border-style:none;background:#ffffff;color:#333333;border-color:#333333;\"><img decoding=\"async\" class=\"list-img-icon\" alt=\"null\" src=\"https:\/\/www.synthes3d.com\/wp-content\/uploads\/2018\/08\/icones_tel.png\"\/><\/div><div class=\"icon_description\" id=\"Info-list-wrap-6477\" style=\"font-size:20px;\"><h3 class=\"ult-responsive info-list-heading\"  data-ultimate-target='#Info-list-wrap-6477 h3'  data-responsive-json-new='{\"font-size\":\"desktop:16px;\",\"line-height\":\"desktop:24px;\"}'  style=\"\">+33 (0)9 70 66 97 04<\/h3><div class=\"icon_description_text ult-responsive\"  data-ultimate-target='#Info-list-wrap-6477 .icon_description_text'  data-responsive-json-new='{\"font-size\":\"desktop:13px;\",\"line-height\":\"desktop:18px;\"}'  style=\"\"><\/div><\/div><div class=\"icon_list_connector\"  style=\"border-right-width: 3px;border-right-style: solid;border-color: #a7358b;left: 29.5px;\"><\/div><\/li><li class=\"icon_list_item\" style=\" font-size:60px;\"><div class=\"icon_list_icon\" data-animation=\"\" data-animation-delay=\"03\" style=\"font-size:20px;border-width:1px;border-style:none;background:#ffffff;color:#333333;border-color:#333333;\"><img decoding=\"async\" class=\"list-img-icon\" alt=\"null\" src=\"https:\/\/www.synthes3d.com\/wp-content\/uploads\/2018\/08\/icones_loc.png\"\/><\/div><div class=\"icon_description\" id=\"Info-list-wrap-3765\" style=\"font-size:20px;\"><h3 class=\"ult-responsive info-list-heading\"  data-ultimate-target='#Info-list-wrap-3765 h3'  data-responsive-json-new='{\"font-size\":\"desktop:16px;\",\"line-height\":\"desktop:24px;\"}'  style=\"\">AIX-EN-PROVENCE Headquarters &amp; Mailing<\/h3><div class=\"icon_description_text ult-responsive\"  data-ultimate-target='#Info-list-wrap-3765 .icon_description_text'  data-responsive-json-new='{\"font-size\":\"desktop:15px;\",\"line-height\":\"desktop:18px;\"}'  style=\"\"><p style=\"text-align: left;\">4, Rue Mahatma Gandhi<br \/>\nEspace Beauvalle &#8211; B\u00e2t. B<br \/>\n13 090 Aix-en-Provence<br \/>\nFrance<\/p>\n<\/div><\/div><div class=\"icon_list_connector\"  style=\"border-right-width: 3px;border-right-style: solid;border-color: #a7358b;left: 29.5px;\"><\/div><\/li><li class=\"icon_list_item\" style=\" font-size:60px;\"><div class=\"icon_list_icon\" data-animation=\"\" data-animation-delay=\"03\" style=\"font-size:20px;border-width:1px;border-style:none;background:#ffffff;color:#333333;border-color:#333333;\"><img decoding=\"async\" class=\"list-img-icon\" alt=\"null\" src=\"https:\/\/www.synthes3d.com\/wp-content\/uploads\/2018\/08\/icones_loc.png\"\/><\/div><div class=\"icon_description\" id=\"Info-list-wrap-4995\" style=\"font-size:20px;\"><h3 class=\"ult-responsive info-list-heading\"  data-ultimate-target='#Info-list-wrap-4995 h3'  data-responsive-json-new='{\"font-size\":\"desktop:16px;\",\"line-height\":\"desktop:24px;\"}'  style=\"\">ANGERS<\/h3><div class=\"icon_description_text ult-responsive\"  data-ultimate-target='#Info-list-wrap-4995 .icon_description_text'  data-responsive-json-new='{\"font-size\":\"desktop:15px;\",\"line-height\":\"desktop:18px;\"}'  style=\"\"><p style=\"text-align: left;\">ZA de la Garde<br \/>\nB\u00e2t. 2<br \/>\n49 240 Avrill\u00e9<br \/>\nFrance<\/p>\n<\/div><\/div><div class=\"icon_list_connector\"  style=\"border-right-width: 3px;border-right-style: solid;border-color: #a7358b;left: 29.5px;\"><\/div><\/li><li class=\"icon_list_item\" style=\" font-size:60px;\"><div class=\"icon_list_icon\" data-animation=\"\" data-animation-delay=\"03\" style=\"font-size:20px;border-width:1px;border-style:none;background:#ffffff;color:#333333;border-color:#333333;\"><img decoding=\"async\" class=\"list-img-icon\" alt=\"null\" src=\"https:\/\/www.synthes3d.com\/wp-content\/uploads\/2018\/08\/icones_loc.png\"\/><\/div><div class=\"icon_description\" id=\"Info-list-wrap-6797\" style=\"font-size:20px;\"><h3 class=\"ult-responsive info-list-heading\"  data-ultimate-target='#Info-list-wrap-6797 h3'  data-responsive-json-new='{\"font-size\":\"desktop:16px;\",\"line-height\":\"desktop:24px;\"}'  style=\"\">USA<\/h3><div class=\"icon_description_text ult-responsive\"  data-ultimate-target='#Info-list-wrap-6797 .icon_description_text'  data-responsive-json-new='{\"font-size\":\"desktop:15px;\",\"line-height\":\"desktop:18px;\"}'  style=\"\"><p style=\"text-align: left;\">1800 Pembrook Drive<br \/>\nSuite 300<br \/>\nOrlando &#8211; Florida 32810<br \/>\nUSA<\/p>\n<\/div><\/div><div class=\"icon_list_connector\"  style=\"border-right-width: 3px;border-right-style: solid;border-color: #a7358b;left: 29.5px;\"><\/div><\/li><\/ul><\/div><\/div><\/div><\/div><div class=\"vc_col-sm-6 wpb_column vc_column_container\"><div class=\"vc_column-inner us_custom_319574bd\"><div class=\"wpb_wrapper\"><div class=\"wpb_text_column\"><div class=\"wpb_wrapper\"><p>We are at your entire disposal to answer any questions about our services and solutions, to help you defining your requirements and to quote your projects.<\/p>\n<p>Please feel free to fill the form below or contact us at\u00a0<a href=\"mailto:contact@synthes3d.com\"><strong>contact@synthes3d.com<\/strong><\/a>.<\/p>\n<\/div><\/div>\n<div class=\"wpcf7 no-js\" id=\"wpcf7-f3240-o1\" lang=\"fr-FR\" dir=\"ltr\" data-wpcf7-id=\"3240\">\n<div class=\"screen-reader-response\"><p role=\"status\" aria-live=\"polite\" aria-atomic=\"true\"><\/p> <ul><\/ul><\/div>\n<form action=\"\/en\/wp-json\/wp\/v2\/pages\/3046#wpcf7-f3240-o1\" method=\"post\" class=\"wpcf7-form init\" aria-label=\"Formulaire de contact\" novalidate=\"novalidate\" data-status=\"init\">\n<fieldset class=\"hidden-fields-container\"><input type=\"hidden\" name=\"_wpcf7\" value=\"3240\" \/><input type=\"hidden\" name=\"_wpcf7_version\" value=\"6.1.5\" \/><input type=\"hidden\" name=\"_wpcf7_locale\" value=\"fr_FR\" \/><input type=\"hidden\" name=\"_wpcf7_unit_tag\" value=\"wpcf7-f3240-o1\" \/><input type=\"hidden\" name=\"_wpcf7_container_post\" value=\"0\" \/><input type=\"hidden\" name=\"_wpcf7_posted_data_hash\" value=\"\" \/><input type=\"hidden\" name=\"_wpcf7cf_hidden_group_fields\" value=\"[]\" \/><input type=\"hidden\" name=\"_wpcf7cf_hidden_groups\" value=\"[]\" \/><input type=\"hidden\" name=\"_wpcf7cf_visible_groups\" value=\"[]\" \/><input type=\"hidden\" name=\"_wpcf7cf_repeaters\" value=\"[]\" \/><input type=\"hidden\" name=\"_wpcf7cf_steps\" value=\"{}\" \/><input type=\"hidden\" name=\"_wpcf7cf_options\" value=\"{&quot;form_id&quot;:3240,&quot;conditions&quot;:[],&quot;settings&quot;:{&quot;animation&quot;:&quot;yes&quot;,&quot;animation_intime&quot;:200,&quot;animation_outtime&quot;:200,&quot;conditions_ui&quot;:&quot;normal&quot;,&quot;notice_dismissed&quot;:false,&quot;notice_dismissed_rollback-cf7-5.8.7&quot;:true}}\" \/>\n<\/fieldset>\n<div class=\"form_row\">\n\t<div class=\"deux_col\">\n\t\t<p><span class=\"wpcf7-form-control-wrap\" data-name=\"nom\"><input size=\"40\" maxlength=\"400\" class=\"wpcf7-form-control wpcf7-text wpcf7-validates-as-required\" aria-required=\"true\" aria-invalid=\"false\" placeholder=\"Lastname *\" value=\"\" type=\"text\" name=\"nom\" \/><\/span>\n\t\t<\/p>\n\t<\/div>\n\t<div class=\"deux_col last_col\">\n\t\t<p><span class=\"wpcf7-form-control-wrap\" data-name=\"prenom\"><input size=\"40\" maxlength=\"400\" class=\"wpcf7-form-control wpcf7-text wpcf7-validates-as-required\" aria-required=\"true\" aria-invalid=\"false\" placeholder=\"First name *\" value=\"\" type=\"text\" name=\"prenom\" \/><\/span>\n\t\t<\/p>\n\t<\/div>\n<\/div>\n<div class=\"form_row\">\n\t<p><span class=\"wpcf7-form-control-wrap\" data-name=\"societe\"><input size=\"40\" maxlength=\"400\" class=\"wpcf7-form-control wpcf7-text\" aria-invalid=\"false\" placeholder=\"Society\" value=\"\" type=\"text\" name=\"societe\" \/><\/span>\n\t<\/p>\n<\/div>\n<div class=\"form_row\">\n\t<p><span class=\"wpcf7-form-control-wrap\" data-name=\"fonction\"><input size=\"40\" maxlength=\"400\" class=\"wpcf7-form-control wpcf7-text\" aria-invalid=\"false\" placeholder=\"Job\" value=\"\" type=\"text\" name=\"fonction\" \/><\/span>\n\t<\/p>\n<\/div>\n<div class=\"form_row\">\n\t<p><span class=\"wpcf7-form-control-wrap\" data-name=\"adresse\"><input size=\"40\" maxlength=\"400\" class=\"wpcf7-form-control wpcf7-text\" aria-invalid=\"false\" placeholder=\"Address\" value=\"\" type=\"text\" name=\"adresse\" \/><\/span>\n\t<\/p>\n<\/div>\n<div class=\"form_row\">\n\t<p><span class=\"wpcf7-form-control-wrap\" data-name=\"comp_adresse\"><input size=\"40\" maxlength=\"400\" class=\"wpcf7-form-control wpcf7-text\" aria-invalid=\"false\" placeholder=\"Address #2\" value=\"\" type=\"text\" name=\"comp_adresse\" \/><\/span>\n\t<\/p>\n<\/div>\n<div class=\"form_row\">\n\t<div class=\"col-cp\">\n\t\t<p><span class=\"wpcf7-form-control-wrap\" data-name=\"cp\"><input size=\"40\" maxlength=\"400\" class=\"wpcf7-form-control wpcf7-text\" aria-invalid=\"false\" placeholder=\"Zip Code\" value=\"\" type=\"text\" name=\"cp\" \/><\/span>\n\t\t<\/p>\n\t<\/div>\n\t<div class=\"trois_col\">\n\t\t<p><span class=\"wpcf7-form-control-wrap\" data-name=\"ville\"><input size=\"40\" maxlength=\"400\" class=\"wpcf7-form-control wpcf7-text wpcf7-validates-as-required\" aria-required=\"true\" aria-invalid=\"false\" placeholder=\"City *\" value=\"\" type=\"text\" name=\"ville\" \/><\/span>\n\t\t<\/p>\n\t<\/div>\n\t<div class=\"trois_col last_col\">\n\t\t<p><span class=\"wpcf7-form-control-wrap\" data-name=\"pays\"><input size=\"40\" maxlength=\"400\" class=\"wpcf7-form-control wpcf7-text\" aria-invalid=\"false\" placeholder=\"Countrie\" value=\"\" type=\"text\" name=\"pays\" \/><\/span>\n\t\t<\/p>\n\t<\/div>\n<\/div>\n<div class=\"form_row\">\n\t<div class=\"deux_col\">\n\t\t<p><span class=\"wpcf7-form-control-wrap\" data-name=\"email\"><input size=\"40\" maxlength=\"400\" class=\"wpcf7-form-control wpcf7-email wpcf7-validates-as-required wpcf7-text wpcf7-validates-as-email\" aria-required=\"true\" aria-invalid=\"false\" placeholder=\"Email *\" value=\"\" type=\"email\" name=\"email\" \/><\/span>\n\t\t<\/p>\n\t<\/div>\n\t<div class=\"deux_col last_col\">\n\t\t<p><span class=\"wpcf7-form-control-wrap\" data-name=\"tel\"><input size=\"40\" maxlength=\"400\" class=\"wpcf7-form-control wpcf7-tel wpcf7-text wpcf7-validates-as-tel\" aria-invalid=\"false\" placeholder=\"Phone\" value=\"\" type=\"tel\" name=\"tel\" \/><\/span>\n\t\t<\/p>\n\t<\/div>\n<\/div>\n<div class=\"form_row\">\n\t<p><span class=\"wpcf7-form-control-wrap\" data-name=\"message\"><textarea cols=\"40\" rows=\"10\" maxlength=\"2000\" class=\"wpcf7-form-control wpcf7-textarea wpcf7-validates-as-required\" aria-required=\"true\" aria-invalid=\"false\" placeholder=\"Message *\" name=\"message\"><\/textarea><\/span>\n\t<\/p>\n<\/div>\n<div class=\"form_row\">\n\t<p><input class=\"wpcf7-form-control wpcf7-submit has-spinner\" type=\"submit\" value=\"Send\" \/>\n\t<\/p>\n<\/div><input type='hidden' class='wpcf7-pum' value='{\"closepopup\":false,\"closedelay\":0,\"openpopup\":false,\"openpopup_id\":0}' \/><div class=\"wpcf7-response-output\" aria-hidden=\"true\"><\/div>\n<\/form>\n<\/div>\n<\/div><\/div><\/div><\/div><div class=\"g-cols wpb_row via_flex valign_top type_default stacking_default\"><div class=\"vc_col-sm-6 wpb_column vc_column_container\"><div class=\"vc_column-inner\"><div class=\"wpb_wrapper\"><\/div><\/div><\/div><div class=\"vc_col-sm-6 wpb_column vc_column_container\"><div class=\"vc_column-inner\"><div class=\"wpb_wrapper\"><\/div><\/div><\/div><\/div><\/div><\/div><\/div><\/div><\/div><\/section>\n","protected":false},"excerpt":{"rendered":"Contact us+33 (0)9 70 66 97 04AIX-EN-PROVENCE Headquarters &amp; Mailing4, Rue Mahatma Gandhi Espace Beauvalle - B\u00e2t. B 13 090 Aix-en-Provence France ANGERSZA de la Garde B\u00e2t. 2 49 240 Avrill\u00e9 France USA1800 Pembrook Drive Suite 300 Orlando - Florida 32810 USA We are at your entire disposal to answer any questions about our services...","protected":false},"author":1,"featured_media":0,"parent":0,"menu_order":8,"comment_status":"closed","ping_status":"closed","template":"","meta":{"footnotes":""},"class_list":["post-3046","page","type-page","status-publish","hentry"],"yoast_head":"<!-- This site is optimized with the Yoast SEO plugin v27.0 - https:\/\/yoast.com\/product\/yoast-seo-wordpress\/ -->\n<title>Contact our 3D studio at any time - SYNTHES&#039;3D<\/title>\n<meta name=\"description\" content=\"The entire SYNTHES&#039;3D team is at your disposal to discuss your needs and answer all your questions about our 3D solutions.\" \/>\n<meta name=\"robots\" content=\"index, follow, max-snippet:-1, max-image-preview:large, max-video-preview:-1\" \/>\n<meta property=\"og:locale\" content=\"en_US\" \/>\n<meta property=\"og:type\" content=\"article\" \/>\n<meta property=\"og:title\" content=\"Contact our 3D studio at any time - SYNTHES&#039;3D\" \/>\n<meta property=\"og:description\" content=\"The entire SYNTHES&#039;3D team is at your disposal to discuss your needs and answer all your questions about our 3D solutions.\" \/>\n<meta property=\"og:url\" content=\"https:\/\/www.synthes3d.com\/en\/contact\/\" \/>\n<meta property=\"og:site_name\" content=\"SYNTHES&#039;3D\" \/>\n<meta property=\"article:modified_time\" content=\"2023-12-19T12:59:45+00:00\" \/>\n<meta property=\"og:image\" content=\"https:\/\/www.synthes3d.com\/wp-content\/uploads\/2018\/04\/OFFICIEL-VERTICAL-SYNTHES3D_v3.png\" \/>\n\t<meta property=\"og:image:width\" content=\"299\" \/>\n\t<meta property=\"og:image:height\" content=\"120\" \/>\n\t<meta property=\"og:image:type\" content=\"image\/png\" \/>\n<meta name=\"twitter:label1\" content=\"Est. reading time\" \/>\n\t<meta name=\"twitter:data1\" content=\"1 minute\" \/>\n<script type=\"application\/ld+json\" class=\"yoast-schema-graph\">{\"@context\":\"https:\/\/schema.org\",\"@graph\":[{\"@type\":\"WebPage\",\"@id\":\"https:\/\/www.synthes3d.com\/en\/contact\/\",\"url\":\"https:\/\/www.synthes3d.com\/en\/contact\/\",\"name\":\"Contact our 3D studio at any time - SYNTHES'3D\",\"isPartOf\":{\"@id\":\"https:\/\/www.synthes3d.com\/fr\/#website\"},\"datePublished\":\"2018-11-26T13:04:19+00:00\",\"dateModified\":\"2023-12-19T12:59:45+00:00\",\"description\":\"The entire SYNTHES'3D team is at your disposal to discuss your needs and answer all your questions about our 3D solutions.\",\"breadcrumb\":{\"@id\":\"https:\/\/www.synthes3d.com\/en\/contact\/#breadcrumb\"},\"inLanguage\":\"en-US\",\"potentialAction\":[{\"@type\":\"ReadAction\",\"target\":[\"https:\/\/www.synthes3d.com\/en\/contact\/\"]}]},{\"@type\":\"BreadcrumbList\",\"@id\":\"https:\/\/www.synthes3d.com\/en\/contact\/#breadcrumb\",\"itemListElement\":[{\"@type\":\"ListItem\",\"position\":1,\"name\":\"Home\",\"item\":\"https:\/\/www.synthes3d.com\/en\/\"},{\"@type\":\"ListItem\",\"position\":2,\"name\":\"Contact us\"}]},{\"@type\":\"WebSite\",\"@id\":\"https:\/\/www.synthes3d.com\/fr\/#website\",\"url\":\"https:\/\/www.synthes3d.com\/fr\/\",\"name\":\"SYNTHES&#039;3D\",\"description\":\"Studio Digital\",\"publisher\":{\"@id\":\"https:\/\/www.synthes3d.com\/fr\/#organization\"},\"alternateName\":\"SYNTHES3D\",\"potentialAction\":[{\"@type\":\"SearchAction\",\"target\":{\"@type\":\"EntryPoint\",\"urlTemplate\":\"https:\/\/www.synthes3d.com\/fr\/?s={search_term_string}\"},\"query-input\":{\"@type\":\"PropertyValueSpecification\",\"valueRequired\":true,\"valueName\":\"search_term_string\"}}],\"inLanguage\":\"en-US\"},{\"@type\":\"Organization\",\"@id\":\"https:\/\/www.synthes3d.com\/fr\/#organization\",\"name\":\"SYNTHES'3D\",\"alternateName\":\"SYNTHES3D\",\"url\":\"https:\/\/www.synthes3d.com\/fr\/\",\"logo\":{\"@type\":\"ImageObject\",\"inLanguage\":\"en-US\",\"@id\":\"https:\/\/www.synthes3d.com\/fr\/#\/schema\/logo\/image\/\",\"url\":\"https:\/\/www.synthes3d.com\/wp-content\/uploads\/2018\/10\/mini_logo_v2.png\",\"contentUrl\":\"https:\/\/www.synthes3d.com\/wp-content\/uploads\/2018\/10\/mini_logo_v2.png\",\"width\":287,\"height\":284,\"caption\":\"SYNTHES'3D\"},\"image\":{\"@id\":\"https:\/\/www.synthes3d.com\/fr\/#\/schema\/logo\/image\/\"}}]}<\/script>\n<!-- \/ Yoast SEO plugin. -->","yoast_head_json":{"title":"Contact our 3D studio at any time - SYNTHES'3D","description":"The entire SYNTHES'3D team is at your disposal to discuss your needs and answer all your questions about our 3D solutions.","robots":{"index":"index","follow":"follow","max-snippet":"max-snippet:-1","max-image-preview":"max-image-preview:large","max-video-preview":"max-video-preview:-1"},"og_locale":"en_US","og_type":"article","og_title":"Contact our 3D studio at any time - SYNTHES'3D","og_description":"The entire SYNTHES'3D team is at your disposal to discuss your needs and answer all your questions about our 3D solutions.","og_url":"https:\/\/www.synthes3d.com\/en\/contact\/","og_site_name":"SYNTHES&#039;3D","article_modified_time":"2023-12-19T12:59:45+00:00","og_image":[{"width":299,"height":120,"url":"https:\/\/www.synthes3d.com\/wp-content\/uploads\/2018\/04\/OFFICIEL-VERTICAL-SYNTHES3D_v3.png","type":"image\/png"}],"twitter_misc":{"Est. reading time":"1 minute"},"schema":{"@context":"https:\/\/schema.org","@graph":[{"@type":"WebPage","@id":"https:\/\/www.synthes3d.com\/en\/contact\/","url":"https:\/\/www.synthes3d.com\/en\/contact\/","name":"Contact our 3D studio at any time - SYNTHES'3D","isPartOf":{"@id":"https:\/\/www.synthes3d.com\/fr\/#website"},"datePublished":"2018-11-26T13:04:19+00:00","dateModified":"2023-12-19T12:59:45+00:00","description":"The entire SYNTHES'3D team is at your disposal to discuss your needs and answer all your questions about our 3D solutions.","breadcrumb":{"@id":"https:\/\/www.synthes3d.com\/en\/contact\/#breadcrumb"},"inLanguage":"en-US","potentialAction":[{"@type":"ReadAction","target":["https:\/\/www.synthes3d.com\/en\/contact\/"]}]},{"@type":"BreadcrumbList","@id":"https:\/\/www.synthes3d.com\/en\/contact\/#breadcrumb","itemListElement":[{"@type":"ListItem","position":1,"name":"Home","item":"https:\/\/www.synthes3d.com\/en\/"},{"@type":"ListItem","position":2,"name":"Contact us"}]},{"@type":"WebSite","@id":"https:\/\/www.synthes3d.com\/fr\/#website","url":"https:\/\/www.synthes3d.com\/fr\/","name":"SYNTHES&#039;3D","description":"Studio Digital","publisher":{"@id":"https:\/\/www.synthes3d.com\/fr\/#organization"},"alternateName":"SYNTHES3D","potentialAction":[{"@type":"SearchAction","target":{"@type":"EntryPoint","urlTemplate":"https:\/\/www.synthes3d.com\/fr\/?s={search_term_string}"},"query-input":{"@type":"PropertyValueSpecification","valueRequired":true,"valueName":"search_term_string"}}],"inLanguage":"en-US"},{"@type":"Organization","@id":"https:\/\/www.synthes3d.com\/fr\/#organization","name":"SYNTHES'3D","alternateName":"SYNTHES3D","url":"https:\/\/www.synthes3d.com\/fr\/","logo":{"@type":"ImageObject","inLanguage":"en-US","@id":"https:\/\/www.synthes3d.com\/fr\/#\/schema\/logo\/image\/","url":"https:\/\/www.synthes3d.com\/wp-content\/uploads\/2018\/10\/mini_logo_v2.png","contentUrl":"https:\/\/www.synthes3d.com\/wp-content\/uploads\/2018\/10\/mini_logo_v2.png","width":287,"height":284,"caption":"SYNTHES'3D"},"image":{"@id":"https:\/\/www.synthes3d.com\/fr\/#\/schema\/logo\/image\/"}}]}},"_links":{"self":[{"href":"https:\/\/www.synthes3d.com\/en\/wp-json\/wp\/v2\/pages\/3046","targetHints":{"allow":["GET"]}}],"collection":[{"href":"https:\/\/www.synthes3d.com\/en\/wp-json\/wp\/v2\/pages"}],"about":[{"href":"https:\/\/www.synthes3d.com\/en\/wp-json\/wp\/v2\/types\/page"}],"author":[{"embeddable":true,"href":"https:\/\/www.synthes3d.com\/en\/wp-json\/wp\/v2\/users\/1"}],"replies":[{"embeddable":true,"href":"https:\/\/www.synthes3d.com\/en\/wp-json\/wp\/v2\/comments?post=3046"}],"version-history":[{"count":11,"href":"https:\/\/www.synthes3d.com\/en\/wp-json\/wp\/v2\/pages\/3046\/revisions"}],"predecessor-version":[{"id":6458,"href":"https:\/\/www.synthes3d.com\/en\/wp-json\/wp\/v2\/pages\/3046\/revisions\/6458"}],"wp:attachment":[{"href":"https:\/\/www.synthes3d.com\/en\/wp-json\/wp\/v2\/media?parent=3046"}],"curies":[{"name":"wp","href":"https:\/\/api.w.org\/{rel}","templated":true}]}}