{"id":407,"date":"2018-05-17T12:22:30","date_gmt":"2018-05-17T12:22:30","guid":{"rendered":"http:\/\/dev.synthes3d.com\/?page_id=407"},"modified":"2023-01-24T11:35:28","modified_gmt":"2023-01-24T10:35:28","slug":"mentions-legales","status":"publish","type":"page","link":"https:\/\/www.synthes3d.com\/fr\/mentions-legales\/","title":{"rendered":"Mentions l\u00e9gales"},"content":{"rendered":"<h1>Mentions l\u00e9gales<\/h1>\n<p><b>Direction \u00e9ditoriale<\/b><br \/>\nSYNTHES&rsquo;3D SAS<br \/>\n4, Rue Mahatma Gandhi<br \/>\nEspace Beauvalle, B\u00e2t. B<br \/>\n13 090 Aix-en-Provence<br \/>\nFrance<br \/>\nT\u00e9l. : +33 (0)9 70 66 97 04<br \/>\nE-mail : contact@synthes3d.com<\/p>\n<p><b>Informations sur l&rsquo;entreprise<\/b><br \/>\nRCS Cannes : 495 075 822<br \/>\nN\u00b0 SIRET : 495 075 822 00041<br \/>\nN\u00b0 TVA Intracommunautaire : FR-47 495 075 822<\/p>\n<p><b>Conception &amp; Web-Design<\/b><br \/>\nSYNTHES&rsquo;3D SAS<br \/>\n4, Rue Mahatma Gandhi<br \/>\nEspace Beauvalle, B\u00e2t. B<br \/>\n13 090 Aix-en-Provence<br \/>\nFrance<br \/>\nT\u00e9l. : +33 (0)9 70 66 97 04<br \/>\nE-mail : contact@synthes3d.com<\/p>\n<p><b>H\u00e9bergeur<\/b><br \/>\nSTRATO AG<br \/>\nPascalstrasse 10<br \/>\n10587 Berlin<br \/>\nALLEMAGNE<br \/>\nT\u00e9l. : 00800 800 700 00<\/p>\n<p><strong>Conditions g\u00e9n\u00e9rales d&rsquo;utilisation<\/strong><\/p>\n<p>L&rsquo;acc\u00e8s \u00e0 ce site est soumis \u00e0 votre approbation, sans restriction, des termes et conditions l\u00e9gales suivants.<\/p>\n<p>SYNTHES&rsquo;3D peut \u00e0 tout moment, et sans pr\u00e9avis, modifier ces conditions l\u00e9gales.<\/p>\n<p>En utilisant ce site vous acceptez de vous y soumettre, et \u00eates invit\u00e9s par cons\u00e9quent \u00e0 le visiter r\u00e9guli\u00e8rement afin d&rsquo;en conna\u00eetre le contenu.<\/p>\n<p>Les informations et donn\u00e9es fournies par ce site peuvent \u00eatre modifi\u00e9es et mises \u00e0 jour, sans notification pr\u00e9alable. SYNTHES&rsquo;3D peut \u00e9galement am\u00e9liorer ou modifier les services propos\u00e9s sur ce site, \u00e0 tout moment et sans notification pr\u00e9alable. SYNTHES&rsquo;3D vous invite par cons\u00e9quent \u00e0 venir v\u00e9rifier r\u00e9guli\u00e8rement le contenu de ces informations sur ce site ou \u00e0 vous mettre en contact avec nos bureaux les plus proches.<\/p>\n<p>Sauf lorsqu&rsquo;il est particuli\u00e8rement sp\u00e9cifi\u00e9 le contraire ou lorsqu&rsquo;il s&rsquo;agit de communiqu\u00e9s de presse, toute information, tout article de presse et toute image sur ce site est prot\u00e9g\u00e9 par un droit d&rsquo;auteur et leur utilisation hors du cadre de ce site ne peut \u00eatre faite sans accord \u00e9crit de SYNTHES&rsquo;3D.<\/p>\n<p>L&rsquo;utilisation des informations ou images contenues sur ce site engage votre responsabilit\u00e9 tant \u00e0 l&rsquo;\u00e9gard de SYNTHES&rsquo;3D qu&rsquo;\u00e0 l&rsquo;\u00e9gard d&rsquo;un tiers.<\/p>\n<p>SYNTHES&rsquo;3D en donnant acc\u00e8s \u00e0 ce service propose dans la mesure du possible de mettre \u00e0 jour r\u00e9guli\u00e8rement les informations et donn\u00e9es qui y sont contenues. Cependant aucune responsabilit\u00e9 ne peut \u00eatre reproch\u00e9e \u00e0 SYNTHES&rsquo;3D pour toute erreur ou omission ou pour tout r\u00e9sultat pr\u00e9judiciable qui pourrait survenir de l&rsquo;utilisation de ces informations et donn\u00e9es.<br \/>\nLes informations que vous fournissez sur ce site pourront \u00eatre transmises \u00e0 un tiers uniquement \u00e0 titre commercial. SYNTHES&rsquo;3D ne pourra \u00eatre tenue responsable pour toute perte ou transfert erron\u00e9 ou injustifi\u00e9 de ces informations \u00e0 un tiers, ainsi que de l&rsquo;acc\u00e8s injustifi\u00e9 de tout tiers \u00e0 celles-ci.<\/p>\n<p>SYNTHES&rsquo;3D ne pourra non plus \u00eatre tenue responsable de toute alt\u00e9ration de toute information ou donn\u00e9e confidentielle fournie dans le cadre de ce service.<\/p>\n<p>Tout commentaire et\/ou suggestion transmis \u00e0 SYNTHES&rsquo;3D sur ce site deviendra la propri\u00e9t\u00e9 de SYNTHES&rsquo;3D et pourra \u00eatre utilis\u00e9 sans restriction. Les commentaires et\/ou suggestions adress\u00e9s \u00e0 SYNTHES&rsquo;3D ne pourront \u00eatre soumis \u00e0 la confidentialit\u00e9.<\/p>\n<p>Ce site ainsi que son utilisation sont soumis \u00e0 la loi fran\u00e7aise et notamment aux articles 38, 39 et 40 de la loi fran\u00e7aise 78-17 du 6 janvier 1978 relative \u00e0 l&rsquo;informatique, aux fichiers et aux libert\u00e9s pour les donn\u00e9es \u00e0 caract\u00e8re personnelles. Vous pouvez demander \u00e0 faire modifier, rectifier ou supprimer les donn\u00e9es vous concernant trait\u00e9es par SYNTHES&rsquo;3D dans le cadre des pages \u00ab Carri\u00e8re \u00bb en nous adressant un courrier accompagn\u00e9 d&rsquo;une copie d&rsquo;un justificatif d&rsquo;identit\u00e9 et en nous indiquant vos coordonn\u00e9es postales \u00e0 l&rsquo;adresse suivante :<\/p>\n<p>SYNTHES&rsquo;3D<br \/>\n4, Rue Mahatma Gandhi<br \/>\nEspace Beauvalle, B\u00e2t. B<br \/>\n13 090 Aix-en-Provence<br \/>\nFrance<\/p>\n<p>Par ailleurs, tout litige qui surviendrait en rapport avec l&rsquo;utilisation de ce site sera soumis aux juridictions fran\u00e7aises.<\/p>\n","protected":false},"excerpt":{"rendered":"<p>Mentions l\u00e9gales Direction \u00e9ditoriale SYNTHES&rsquo;3D SAS 4, Rue Mahatma Gandhi Espace Beauvalle, B\u00e2t. B 13 090 Aix-en-Provence France T\u00e9l. : +33 (0)9 70 66 97 04 E-mail : contact@synthes3d.com Informations sur l&rsquo;entreprise RCS Cannes : 495 075 822 N\u00b0 SIRET : 495 075 822 00041 N\u00b0 TVA Intracommunautaire : FR-47 495 075 822 Conception &amp;&#8230;<\/p>\n","protected":false},"author":1,"featured_media":0,"parent":0,"menu_order":10,"comment_status":"closed","ping_status":"closed","template":"","meta":{"footnotes":""},"class_list":["post-407","page","type-page","status-publish","hentry"],"yoast_head":"<!-- This site is optimized with the Yoast SEO plugin v27.0 - https:\/\/yoast.com\/product\/yoast-seo-wordpress\/ -->\n<title>Mentions L\u00e9gales - Agence 3D et Motion Design - SYNTHES&#039;3D<\/title>\n<meta name=\"description\" content=\"SYNTHES&#039;3D d\u00e9taille ici ses mentions l\u00e9gales et conditions g\u00e9n\u00e9rales d&#039;utilisation pour l&#039;utilisation de son site.\" \/>\n<meta name=\"robots\" content=\"index, follow, max-snippet:-1, max-image-preview:large, max-video-preview:-1\" \/>\n<meta property=\"og:locale\" content=\"fr_FR\" \/>\n<meta property=\"og:type\" content=\"article\" \/>\n<meta property=\"og:title\" content=\"Mentions L\u00e9gales - Agence 3D et Motion Design - SYNTHES&#039;3D\" \/>\n<meta property=\"og:description\" content=\"SYNTHES&#039;3D d\u00e9taille ici ses mentions l\u00e9gales et conditions g\u00e9n\u00e9rales d&#039;utilisation pour l&#039;utilisation de son site.\" \/>\n<meta property=\"og:url\" content=\"https:\/\/www.synthes3d.com\/fr\/mentions-legales\/\" \/>\n<meta property=\"og:site_name\" content=\"SYNTHES&#039;3D\" \/>\n<meta property=\"article:modified_time\" content=\"2023-01-24T10:35:28+00:00\" \/>\n<meta property=\"og:image\" content=\"https:\/\/www.synthes3d.com\/wp-content\/uploads\/2018\/04\/OFFICIEL-VERTICAL-SYNTHES3D_v3.png\" \/>\n\t<meta property=\"og:image:width\" content=\"299\" \/>\n\t<meta property=\"og:image:height\" content=\"120\" \/>\n\t<meta property=\"og:image:type\" content=\"image\/png\" \/>\n<meta name=\"twitter:label1\" content=\"Dur\u00e9e de lecture estim\u00e9e\" \/>\n\t<meta name=\"twitter:data1\" content=\"3 minutes\" \/>\n<script type=\"application\/ld+json\" class=\"yoast-schema-graph\">{\"@context\":\"https:\/\/schema.org\",\"@graph\":[{\"@type\":\"WebPage\",\"@id\":\"https:\/\/www.synthes3d.com\/fr\/mentions-legales\/\",\"url\":\"https:\/\/www.synthes3d.com\/fr\/mentions-legales\/\",\"name\":\"Mentions L\u00e9gales - Agence 3D et Motion Design - SYNTHES'3D\",\"isPartOf\":{\"@id\":\"https:\/\/www.synthes3d.com\/fr\/#website\"},\"datePublished\":\"2018-05-17T12:22:30+00:00\",\"dateModified\":\"2023-01-24T10:35:28+00:00\",\"description\":\"SYNTHES'3D d\u00e9taille ici ses mentions l\u00e9gales et conditions g\u00e9n\u00e9rales d'utilisation pour l'utilisation de son site.\",\"breadcrumb\":{\"@id\":\"https:\/\/www.synthes3d.com\/fr\/mentions-legales\/#breadcrumb\"},\"inLanguage\":\"fr-FR\",\"potentialAction\":[{\"@type\":\"ReadAction\",\"target\":[\"https:\/\/www.synthes3d.com\/fr\/mentions-legales\/\"]}]},{\"@type\":\"BreadcrumbList\",\"@id\":\"https:\/\/www.synthes3d.com\/fr\/mentions-legales\/#breadcrumb\",\"itemListElement\":[{\"@type\":\"ListItem\",\"position\":1,\"name\":\"Accueil\",\"item\":\"https:\/\/www.synthes3d.com\/fr\/\"},{\"@type\":\"ListItem\",\"position\":2,\"name\":\"Mentions l\u00e9gales\"}]},{\"@type\":\"WebSite\",\"@id\":\"https:\/\/www.synthes3d.com\/fr\/#website\",\"url\":\"https:\/\/www.synthes3d.com\/fr\/\",\"name\":\"SYNTHES&#039;3D\",\"description\":\"Studio Digital\",\"publisher\":{\"@id\":\"https:\/\/www.synthes3d.com\/fr\/#organization\"},\"alternateName\":\"SYNTHES3D\",\"potentialAction\":[{\"@type\":\"SearchAction\",\"target\":{\"@type\":\"EntryPoint\",\"urlTemplate\":\"https:\/\/www.synthes3d.com\/fr\/?s={search_term_string}\"},\"query-input\":{\"@type\":\"PropertyValueSpecification\",\"valueRequired\":true,\"valueName\":\"search_term_string\"}}],\"inLanguage\":\"fr-FR\"},{\"@type\":\"Organization\",\"@id\":\"https:\/\/www.synthes3d.com\/fr\/#organization\",\"name\":\"SYNTHES'3D\",\"alternateName\":\"SYNTHES3D\",\"url\":\"https:\/\/www.synthes3d.com\/fr\/\",\"logo\":{\"@type\":\"ImageObject\",\"inLanguage\":\"fr-FR\",\"@id\":\"https:\/\/www.synthes3d.com\/fr\/#\/schema\/logo\/image\/\",\"url\":\"https:\/\/www.synthes3d.com\/wp-content\/uploads\/2018\/10\/mini_logo_v2.png\",\"contentUrl\":\"https:\/\/www.synthes3d.com\/wp-content\/uploads\/2018\/10\/mini_logo_v2.png\",\"width\":287,\"height\":284,\"caption\":\"SYNTHES'3D\"},\"image\":{\"@id\":\"https:\/\/www.synthes3d.com\/fr\/#\/schema\/logo\/image\/\"}}]}<\/script>\n<!-- \/ Yoast SEO plugin. -->","yoast_head_json":{"title":"Mentions L\u00e9gales - Agence 3D et Motion Design - SYNTHES'3D","description":"SYNTHES'3D d\u00e9taille ici ses mentions l\u00e9gales et conditions g\u00e9n\u00e9rales d'utilisation pour l'utilisation de son site.","robots":{"index":"index","follow":"follow","max-snippet":"max-snippet:-1","max-image-preview":"max-image-preview:large","max-video-preview":"max-video-preview:-1"},"og_locale":"fr_FR","og_type":"article","og_title":"Mentions L\u00e9gales - Agence 3D et Motion Design - SYNTHES'3D","og_description":"SYNTHES'3D d\u00e9taille ici ses mentions l\u00e9gales et conditions g\u00e9n\u00e9rales d'utilisation pour l'utilisation de son site.","og_url":"https:\/\/www.synthes3d.com\/fr\/mentions-legales\/","og_site_name":"SYNTHES&#039;3D","article_modified_time":"2023-01-24T10:35:28+00:00","og_image":[{"width":299,"height":120,"url":"https:\/\/www.synthes3d.com\/wp-content\/uploads\/2018\/04\/OFFICIEL-VERTICAL-SYNTHES3D_v3.png","type":"image\/png"}],"twitter_misc":{"Dur\u00e9e de lecture estim\u00e9e":"3 minutes"},"schema":{"@context":"https:\/\/schema.org","@graph":[{"@type":"WebPage","@id":"https:\/\/www.synthes3d.com\/fr\/mentions-legales\/","url":"https:\/\/www.synthes3d.com\/fr\/mentions-legales\/","name":"Mentions L\u00e9gales - Agence 3D et Motion Design - SYNTHES'3D","isPartOf":{"@id":"https:\/\/www.synthes3d.com\/fr\/#website"},"datePublished":"2018-05-17T12:22:30+00:00","dateModified":"2023-01-24T10:35:28+00:00","description":"SYNTHES'3D d\u00e9taille ici ses mentions l\u00e9gales et conditions g\u00e9n\u00e9rales d'utilisation pour l'utilisation de son site.","breadcrumb":{"@id":"https:\/\/www.synthes3d.com\/fr\/mentions-legales\/#breadcrumb"},"inLanguage":"fr-FR","potentialAction":[{"@type":"ReadAction","target":["https:\/\/www.synthes3d.com\/fr\/mentions-legales\/"]}]},{"@type":"BreadcrumbList","@id":"https:\/\/www.synthes3d.com\/fr\/mentions-legales\/#breadcrumb","itemListElement":[{"@type":"ListItem","position":1,"name":"Accueil","item":"https:\/\/www.synthes3d.com\/fr\/"},{"@type":"ListItem","position":2,"name":"Mentions l\u00e9gales"}]},{"@type":"WebSite","@id":"https:\/\/www.synthes3d.com\/fr\/#website","url":"https:\/\/www.synthes3d.com\/fr\/","name":"SYNTHES&#039;3D","description":"Studio Digital","publisher":{"@id":"https:\/\/www.synthes3d.com\/fr\/#organization"},"alternateName":"SYNTHES3D","potentialAction":[{"@type":"SearchAction","target":{"@type":"EntryPoint","urlTemplate":"https:\/\/www.synthes3d.com\/fr\/?s={search_term_string}"},"query-input":{"@type":"PropertyValueSpecification","valueRequired":true,"valueName":"search_term_string"}}],"inLanguage":"fr-FR"},{"@type":"Organization","@id":"https:\/\/www.synthes3d.com\/fr\/#organization","name":"SYNTHES'3D","alternateName":"SYNTHES3D","url":"https:\/\/www.synthes3d.com\/fr\/","logo":{"@type":"ImageObject","inLanguage":"fr-FR","@id":"https:\/\/www.synthes3d.com\/fr\/#\/schema\/logo\/image\/","url":"https:\/\/www.synthes3d.com\/wp-content\/uploads\/2018\/10\/mini_logo_v2.png","contentUrl":"https:\/\/www.synthes3d.com\/wp-content\/uploads\/2018\/10\/mini_logo_v2.png","width":287,"height":284,"caption":"SYNTHES'3D"},"image":{"@id":"https:\/\/www.synthes3d.com\/fr\/#\/schema\/logo\/image\/"}}]}},"_links":{"self":[{"href":"https:\/\/www.synthes3d.com\/fr\/wp-json\/wp\/v2\/pages\/407","targetHints":{"allow":["GET"]}}],"collection":[{"href":"https:\/\/www.synthes3d.com\/fr\/wp-json\/wp\/v2\/pages"}],"about":[{"href":"https:\/\/www.synthes3d.com\/fr\/wp-json\/wp\/v2\/types\/page"}],"author":[{"embeddable":true,"href":"https:\/\/www.synthes3d.com\/fr\/wp-json\/wp\/v2\/users\/1"}],"replies":[{"embeddable":true,"href":"https:\/\/www.synthes3d.com\/fr\/wp-json\/wp\/v2\/comments?post=407"}],"version-history":[{"count":5,"href":"https:\/\/www.synthes3d.com\/fr\/wp-json\/wp\/v2\/pages\/407\/revisions"}],"predecessor-version":[{"id":6394,"href":"https:\/\/www.synthes3d.com\/fr\/wp-json\/wp\/v2\/pages\/407\/revisions\/6394"}],"wp:attachment":[{"href":"https:\/\/www.synthes3d.com\/fr\/wp-json\/wp\/v2\/media?parent=407"}],"curies":[{"name":"wp","href":"https:\/\/api.w.org\/{rel}","templated":true}]}}