{"id":464,"date":"2018-05-21T14:37:34","date_gmt":"2018-05-21T14:37:34","guid":{"rendered":"http:\/\/dev.synthes3d.com\/?page_id=464"},"modified":"2025-03-14T16:17:41","modified_gmt":"2025-03-14T15:17:41","slug":"services","status":"publish","type":"page","link":"https:\/\/www.synthes3d.com\/fr\/services\/","title":{"rendered":"Services"},"content":{"rendered":"<section class=\"l-section wpb_row us_custom_35d02291 bg_logo_header height_medium with_img\"><div class=\"l-section-img\" role=\"img\" aria-label=\"Image\" data-img-width=\"489\" data-img-height=\"539\" style=\"background-image: url(https:\/\/www.synthes3d.com\/wp-content\/uploads\/2018\/07\/bg_logo.jpg);background-position: top right;background-repeat: no-repeat;background-size: auto;\"><\/div><div class=\"l-section-h i-cf\"><div class=\"g-cols vc_row via_flex valign_top type_default stacking_default\"><div class=\"vc_col-sm-12 wpb_column vc_column_container\"><div class=\"vc_column-inner\"><div class=\"wpb_wrapper\"><div id=\"ultimate-heading-272769f01fbbe1daa\" class=\"uvc-heading ult-adjust-bottom-margin ultimate-heading-272769f01fbbe1daa uvc-65 majuscule\" data-hspacer=\"no_spacer\"  data-halign=\"center\" style=\"text-align:center\"><div class=\"uvc-heading-spacer no_spacer\" style=\"top\"><\/div><div class=\"uvc-main-heading ult-responsive\"  data-ultimate-target='.uvc-heading.ultimate-heading-272769f01fbbe1daa h1'  data-responsive-json-new='{\"font-size\":\"desktop:40px;\",\"line-height\":\"\"}' ><h1 style=\"font-weight:normal;\">Services<\/h1><\/div><\/div><div class=\"wpb_text_column us_custom_35d02291\"><div class=\"wpb_wrapper\"><p>SYNTHES\u20193D a \u00e9t\u00e9 fond\u00e9 dans le but de servir ses clients issus des mondes industriel et m\u00e9dical. Notre raison d\u2019\u00eatre est de concevoir et de produire des solutions digitales, 3D, marketing et p\u00e9dagogiques essentiellement pour le BtoB.<\/p>\n<p>Nous sommes un v\u00e9ritable guichet unique de prestations de services et de solutions\u00a0: animations 3D, illustrations 3D, vid\u00e9os en motion design, applications mobiles smartphones\/tablettes, hologrammes 3D, PAO &amp; mise en page, sites Internet vitrine et dynamique, Intranet, Extranet, etc.<\/p>\n<p>SYNTHES\u20193D \u00e9dite aussi sa propre suite de solutions\u00a0:<\/p>\n<ul>\n<li>Catalogue de produits en 3D Temps R\u00e9el \u00ab\u00a0<strong><a href=\"https:\/\/www.discover-my-product.com\/\" target=\"_blank\" rel=\"noopener\">Discover-My-Product<\/a><\/strong>\u00a0\u00bb<\/li>\n<li>Solution de Salon Virtuel \u00ab\u00a0<a href=\"https:\/\/home.my-virtual-convention.com\/\" target=\"_blank\" rel=\"noopener\"><strong>My-Virtual-Convention<\/strong>\u00a0<\/a>\u00bb<\/li>\n<li>Catalogue d\u2019animations 3D pr\u00e9-pr\u00e9par\u00e9es sous forme de Templates 3D \u00ab\u00a0<a href=\"https:\/\/factory.synthes3d.com\/\" target=\"_blank\" rel=\"noopener\"><strong>The 3D Animations Factory<\/strong>\u00a0<\/a>\u00bb<\/li>\n<\/ul>\n<p><span>Nous vous invitons \u00e0 d\u00e9couvrir ci-dessous l\u2019ensemble de nos expertises et m\u00e9tiers ainsi que de nombreux exemples de r\u00e9alisations.<\/span><\/p>\n<\/div><\/div><\/div><\/div><\/div><\/div><\/div><\/section><section class=\"l-section wpb_row height_medium width_full\"><div class=\"l-section-h i-cf\"><div class=\"g-cols vc_row via_flex valign_top type_default stacking_default\"><div class=\"vc_col-sm-6 wpb_column vc_column_container\"><div class=\"vc_column-inner us_custom_36724591\"><div class=\"wpb_wrapper\"><div id=\"ultimate-heading-183069f01fbbe3ee3\" class=\"uvc-heading ult-adjust-bottom-margin ultimate-heading-183069f01fbbe3ee3 uvc-2184 \" data-hspacer=\"no_spacer\"  data-halign=\"center\" style=\"text-align:center\"><div class=\"uvc-heading-spacer no_spacer\" style=\"top\"><\/div><div class=\"uvc-main-heading ult-responsive\"  data-ultimate-target='.uvc-heading.ultimate-heading-183069f01fbbe3ee3 h2'  data-responsive-json-new='{\"font-size\":\"desktop:25px;\",\"line-height\":\"\"}' ><h2 style=\"font-weight:normal;margin-bottom:20px;\">Teaser ''Industrie''<\/h2><\/div><\/div><div class=\"w-video align_none ratio_16x9 has_iframe\"><div class=\"w-video-h\"><iframe title=\"Vimeo video player\" src=\"https:\/\/player.vimeo.com\/video\/771178447?autoplay=0&loop=0&autopause=0&color=00adef&portrait=0&byline=1&title=1&controls=1&muted=0\" frameborder=\"0\" allow=\"autoplay; fullscreen\" allowfullscreen loading=\"lazy\"><\/iframe><\/div><\/div><\/div><\/div><\/div><div class=\"vc_col-sm-6 wpb_column vc_column_container\"><div class=\"vc_column-inner us_custom_36724591\"><div class=\"wpb_wrapper\"><div id=\"ultimate-heading-468169f01fbbe4fe7\" class=\"uvc-heading ult-adjust-bottom-margin ultimate-heading-468169f01fbbe4fe7 uvc-5047 \" data-hspacer=\"no_spacer\"  data-halign=\"center\" style=\"text-align:center\"><div class=\"uvc-heading-spacer no_spacer\" style=\"top\"><\/div><div class=\"uvc-main-heading ult-responsive\"  data-ultimate-target='.uvc-heading.ultimate-heading-468169f01fbbe4fe7 h2'  data-responsive-json-new='{\"font-size\":\"desktop:25px;\",\"line-height\":\"\"}' ><h2 style=\"font-weight:normal;margin-bottom:20px;\">Teaser ''MedTech''<\/h2><\/div><\/div><div class=\"w-video align_none ratio_16x9 has_iframe\"><div class=\"w-video-h\"><iframe title=\"Vimeo video player\" src=\"https:\/\/player.vimeo.com\/video\/774687228?autoplay=0&loop=0&autopause=0&color=00adef&portrait=0&byline=1&title=1&controls=1&muted=0\" frameborder=\"0\" allow=\"autoplay; fullscreen\" allowfullscreen loading=\"lazy\"><\/iframe><\/div><\/div><\/div><\/div><\/div><\/div><\/div><\/section><section class=\"l-section wpb_row us_custom_33fe73d0 services_home height_auto width_full\" id=\"activite_row\"><div class=\"l-section-h i-cf\"><div class=\"g-cols vc_row via_flex valign_middle type_default stacking_default\"><div class=\"vc_col-sm-12 wpb_column vc_column_container\"><div class=\"vc_column-inner\"><div class=\"wpb_wrapper\"><div class=\"g-cols wpb_row us_custom_36724591 via_flex valign_bottom type_default stacking_default\"><div class=\"vc_col-sm-3 wpb_column vc_column_container\"><div class=\"vc_column-inner us_custom_1fbfff1b\"><div class=\"wpb_wrapper\"><div tabindex=\"0\" class=\"ult-new-ib ult-ib-effect-style1 vignette_activite animation ult-ib-resp  \" data-min-width=\"768\" data-max-width=\"900\" style=\"background:#000000;\" data-opacity=\"0.6\" data-hover-opacity=\"1\" ><img decoding=\"async\" class=\"ult-new-ib-img\" style=\"opacity:0.6;\" alt=\"animation3d\" src=\"https:\/\/www.synthes3d.com\/wp-content\/uploads\/2018\/10\/animation3d-1.jpg\"   \/><div id=\"interactive-banner-wrap-4096\" class=\"ult-new-ib-desc\" style=\"\"><h3 class=\"ult-new-ib-title ult-responsive\"  data-ultimate-target='#interactive-banner-wrap-4096 .ult-new-ib-title'  data-responsive-json-new='{\"font-size\":\"desktop:20px;\",\"line-height\":\"desktop:30px;\"}'  style=\"font-family:&#039;Montserrat&#039;;font-weight:500;color:#ffffff;\">ANIMATIONS 3D<\/h3><\/div><a class=\"ult-new-ib-link\" href=\"https:\/\/www.synthes3d.com\/fr\/animations3d\/\"  ><\/a><\/div><\/div><\/div><\/div><div class=\"vc_col-sm-3 wpb_column vc_column_container\"><div class=\"vc_column-inner us_custom_1fbfff1b\"><div class=\"wpb_wrapper\"><div tabindex=\"0\" class=\"ult-new-ib ult-ib-effect-style1 vignette_activite illustration ult-ib-resp  \" data-min-width=\"768\" data-max-width=\"900\" style=\"background:#000000;\" data-opacity=\"0.6\" data-hover-opacity=\"1\" ><img decoding=\"async\" class=\"ult-new-ib-img\" style=\"opacity:0.6;\" alt=\"industrie3d\" src=\"https:\/\/www.synthes3d.com\/wp-content\/uploads\/2018\/10\/industrie3d.jpg\"   \/><div id=\"interactive-banner-wrap-2192\" class=\"ult-new-ib-desc\" style=\"\"><h3 class=\"ult-new-ib-title ult-responsive\"  data-ultimate-target='#interactive-banner-wrap-2192 .ult-new-ib-title'  data-responsive-json-new='{\"font-size\":\"desktop:20px;\",\"line-height\":\"desktop:30px;\"}'  style=\"font-family:&#039;Montserrat&#039;;font-weight:500;color:#ffffff;\">ILLUSTRATIONS 3D<\/h3><\/div><a class=\"ult-new-ib-link\" href=\"https:\/\/www.synthes3d.com\/fr\/illustrations3d\/\"  ><\/a><\/div><\/div><\/div><\/div><div class=\"vc_col-sm-3 wpb_column vc_column_container\"><div class=\"vc_column-inner us_custom_1fbfff1b\"><div class=\"wpb_wrapper\"><div tabindex=\"0\" class=\"ult-new-ib ult-ib-effect-style1 vignette_activite motion ult-ib-resp  \" data-min-width=\"768\" data-max-width=\"900\" style=\"background:#000000;\" data-opacity=\"0.6\" data-hover-opacity=\"1\" ><img decoding=\"async\" class=\"ult-new-ib-img\" style=\"opacity:0.6;\" alt=\"motion_design\" src=\"https:\/\/www.synthes3d.com\/wp-content\/uploads\/2018\/10\/motion_design.jpg\"   \/><div id=\"interactive-banner-wrap-9114\" class=\"ult-new-ib-desc\" style=\"\"><h3 class=\"ult-new-ib-title ult-responsive\"  data-ultimate-target='#interactive-banner-wrap-9114 .ult-new-ib-title'  data-responsive-json-new='{\"font-size\":\"desktop:20px;\",\"line-height\":\"desktop:30px;\"}'  style=\"font-family:&#039;Montserrat&#039;;font-weight:500;color:#ffffff;\">MOTION-DESIGN<\/h3><\/div><a class=\"ult-new-ib-link\" href=\"https:\/\/www.synthes3d.com\/fr\/services\/motion-design\/\"  ><\/a><\/div><\/div><\/div><\/div><div class=\"vc_col-sm-3 wpb_column vc_column_container\"><div class=\"vc_column-inner us_custom_1fbfff1b\"><div class=\"wpb_wrapper\"><div tabindex=\"0\" class=\"ult-new-ib ult-ib-effect-style1 vignette_activite hologrammes ult-ib-resp  \" data-min-width=\"768\" data-max-width=\"900\" style=\"background:#000000;\" data-opacity=\"0.6\" data-hover-opacity=\"1\" ><img decoding=\"async\" class=\"ult-new-ib-img\" style=\"opacity:0.6;\" alt=\"hologramme\" src=\"https:\/\/www.synthes3d.com\/wp-content\/uploads\/2018\/10\/hologramme.jpg\"   \/><div id=\"interactive-banner-wrap-5470\" class=\"ult-new-ib-desc\" style=\"\"><h3 class=\"ult-new-ib-title ult-responsive\"  data-ultimate-target='#interactive-banner-wrap-5470 .ult-new-ib-title'  data-responsive-json-new='{\"font-size\":\"desktop:20px;\",\"line-height\":\"desktop:30px;\"}'  style=\"font-family:&#039;Montserrat&#039;;font-weight:500;color:#ffffff;\">HOLOGRAMMES & 3D EN RELIEF<\/h3><\/div><a class=\"ult-new-ib-link\" href=\"https:\/\/www.synthes3d.com\/fr\/services\/hologrammes\/\"  ><\/a><\/div><\/div><\/div><\/div><\/div><div class=\"g-cols wpb_row us_custom_36724591 via_flex valign_top type_default stacking_default\"><div class=\"vc_col-sm-3 wpb_column vc_column_container\"><div class=\"vc_column-inner us_custom_1fbfff1b\"><div class=\"wpb_wrapper\"><div tabindex=\"0\" class=\"ult-new-ib ult-ib-effect-style1 vignette_activite ult-ib-resp  \" data-min-width=\"768\" data-max-width=\"900\" style=\"background:#000000;\" data-opacity=\"0.6\" data-hover-opacity=\"1\" ><img decoding=\"async\" class=\"ult-new-ib-img\" style=\"opacity:0.6;\" alt=\"prise_vue_478\" src=\"https:\/\/www.synthes3d.com\/wp-content\/uploads\/2021\/11\/prise_vue_478.jpg\"   \/><div id=\"interactive-banner-wrap-6252\" class=\"ult-new-ib-desc\" style=\"\"><h3 class=\"ult-new-ib-title ult-responsive\"  data-ultimate-target='#interactive-banner-wrap-6252 .ult-new-ib-title'  data-responsive-json-new='{\"font-size\":\"desktop:20px;\",\"line-height\":\"desktop:30px;\"}'  style=\"font-family:&#039;Montserrat&#039;;font-weight:500;color:#ffffff;\">PRISE DE VUE & VIDEOS 360\u00b0<\/h3><\/div><a class=\"ult-new-ib-link\" href=\"https:\/\/www.synthes3d.com\/fr\/services\/prise-de-vue-videos-360\/\"  ><\/a><\/div><\/div><\/div><\/div><div class=\"vc_col-sm-3 wpb_column vc_column_container\"><div class=\"vc_column-inner us_custom_1fbfff1b\"><div class=\"wpb_wrapper\"><div tabindex=\"0\" class=\"ult-new-ib ult-ib-effect-style1 vignette_activite print ult-ib-resp  \" data-min-width=\"768\" data-max-width=\"900\" style=\"background:#000000;\" data-opacity=\"0.6\" data-hover-opacity=\"1\" ><img decoding=\"async\" class=\"ult-new-ib-img\" style=\"opacity:0.6;\" alt=\"site_web\" src=\"https:\/\/www.synthes3d.com\/wp-content\/uploads\/2018\/10\/site_web-1.jpg\"   \/><div id=\"interactive-banner-wrap-4034\" class=\"ult-new-ib-desc\" style=\"\"><h3 class=\"ult-new-ib-title ult-responsive\"  data-ultimate-target='#interactive-banner-wrap-4034 .ult-new-ib-title'  data-responsive-json-new='{\"font-size\":\"desktop:20px;\",\"line-height\":\"desktop:30px;\"}'  style=\"font-family:&#039;Montserrat&#039;;font-weight:500;color:#ffffff;\">PAO & MISE EN PAGE<\/h3><\/div><a class=\"ult-new-ib-link\" href=\"https:\/\/www.synthes3d.com\/fr\/services\/pao-mise-en-page\/\"  ><\/a><\/div><\/div><\/div><\/div><div class=\"vc_col-sm-3 wpb_column vc_column_container\"><div class=\"vc_column-inner us_custom_1fbfff1b\"><div class=\"wpb_wrapper\"><div tabindex=\"0\" class=\"ult-new-ib ult-ib-effect-style1 vignette_activite ult-ib-resp  \" data-min-width=\"768\" data-max-width=\"900\" style=\"background:#000000;\" data-opacity=\"0.6\" data-hover-opacity=\"1\" ><img decoding=\"async\" class=\"ult-new-ib-img\" style=\"opacity:0.6;\" alt=\"dmp_cmm_478\" src=\"https:\/\/www.synthes3d.com\/wp-content\/uploads\/2021\/11\/dmp_cmm_478.jpg\"   \/><div id=\"interactive-banner-wrap-8765\" class=\"ult-new-ib-desc\" style=\"\"><h3 class=\"ult-new-ib-title ult-responsive\"  data-ultimate-target='#interactive-banner-wrap-8765 .ult-new-ib-title'  data-responsive-json-new='{\"font-size\":\"desktop:20px;\",\"line-height\":\"desktop:30px;\"}'  style=\"font-family:&#039;Montserrat&#039;;font-weight:500;color:#ffffff;\">\u00ab DISCOVER-MY-PRODUCT \u00bb<\/h3><\/div><a class=\"ult-new-ib-link\" href=\"https:\/\/www.synthes3d.com\/fr\/services\/discover-my-product-cloud-my-media\/\"  ><\/a><\/div><\/div><\/div><\/div><div class=\"vc_col-sm-3 wpb_column vc_column_container\"><div class=\"vc_column-inner us_custom_1fbfff1b\"><div class=\"wpb_wrapper\"><div tabindex=\"0\" class=\"ult-new-ib ult-ib-effect-style1 vignette_activite ult-ib-resp  \" data-min-width=\"768\" data-max-width=\"900\" style=\"background:#000000;\" data-opacity=\"0.6\" data-hover-opacity=\"1\" ><img decoding=\"async\" class=\"ult-new-ib-img\" style=\"opacity:0.6;\" alt=\"salon_virtuel_478\" src=\"https:\/\/www.synthes3d.com\/wp-content\/uploads\/2021\/11\/salon_virtuel_478.jpg\"   \/><div id=\"interactive-banner-wrap-9718\" class=\"ult-new-ib-desc\" style=\"\"><h3 class=\"ult-new-ib-title ult-responsive\"  data-ultimate-target='#interactive-banner-wrap-9718 .ult-new-ib-title'  data-responsive-json-new='{\"font-size\":\"desktop:20px;\",\"line-height\":\"desktop:30px;\"}'  style=\"font-family:&#039;Montserrat&#039;;font-weight:500;color:#ffffff;\">SALONS VIRTUELS<br \/>\n\u00ab MY-VIRTUAL-CONVENTION \u00bb<\/h3><\/div><a class=\"ult-new-ib-link\" href=\"https:\/\/home.my-virtual-convention.com\/\" target=\"_blank\" rel=\"noopener\"  ><\/a><\/div><\/div><\/div><\/div><\/div><\/div><\/div><\/div><\/div><\/div><\/section>\n","protected":false},"excerpt":{"rendered":"ServicesSYNTHES\u20193D a \u00e9t\u00e9 fond\u00e9 dans le but de servir ses clients issus des mondes industriel et m\u00e9dical. Notre raison d\u2019\u00eatre est de concevoir et de produire des solutions digitales, 3D, marketing et p\u00e9dagogiques essentiellement pour le BtoB. Nous sommes un v\u00e9ritable guichet unique de prestations de services et de solutions\u00a0: animations 3D, illustrations 3D, vid\u00e9os...","protected":false},"author":1,"featured_media":0,"parent":0,"menu_order":1,"comment_status":"closed","ping_status":"closed","template":"","meta":{"footnotes":""},"class_list":["post-464","page","type-page","status-publish","hentry"],"yoast_head":"<!-- This site is optimized with the Yoast SEO plugin v27.0 - https:\/\/yoast.com\/product\/yoast-seo-wordpress\/ -->\n<title>Services - Studio digital 3D, Marketing &amp; P\u00e9dagogiques - SYNTHES&#039;3D<\/title>\n<meta name=\"description\" content=\"SYNTHES3D propose un panel complet de services et de solutions pour r\u00e9pondre \u00e0 vos besoins digitaux, 3D, marketing et p\u00e9dagogiques.\" \/>\n<meta name=\"robots\" content=\"index, follow, max-snippet:-1, max-image-preview:large, max-video-preview:-1\" \/>\n<meta property=\"og:locale\" content=\"fr_FR\" \/>\n<meta property=\"og:type\" content=\"article\" \/>\n<meta property=\"og:title\" content=\"Services - Studio digital 3D, Marketing &amp; P\u00e9dagogiques - SYNTHES&#039;3D\" \/>\n<meta property=\"og:description\" content=\"SYNTHES3D propose un panel complet de services et de solutions pour r\u00e9pondre \u00e0 vos besoins digitaux, 3D, marketing et p\u00e9dagogiques.\" \/>\n<meta property=\"og:url\" content=\"https:\/\/www.synthes3d.com\/fr\/services\/\" \/>\n<meta property=\"og:site_name\" content=\"SYNTHES&#039;3D\" \/>\n<meta property=\"article:modified_time\" content=\"2025-03-14T15:17:41+00:00\" \/>\n<meta property=\"og:image\" content=\"https:\/\/www.synthes3d.com\/wp-content\/uploads\/2018\/04\/OFFICIEL-VERTICAL-SYNTHES3D_v3.png\" \/>\n\t<meta property=\"og:image:width\" content=\"299\" \/>\n\t<meta property=\"og:image:height\" content=\"120\" \/>\n\t<meta property=\"og:image:type\" content=\"image\/png\" \/>\n<meta name=\"twitter:label1\" content=\"Dur\u00e9e de lecture estim\u00e9e\" \/>\n\t<meta name=\"twitter:data1\" content=\"2 minutes\" \/>\n<script type=\"application\/ld+json\" class=\"yoast-schema-graph\">{\"@context\":\"https:\/\/schema.org\",\"@graph\":[{\"@type\":\"WebPage\",\"@id\":\"https:\/\/www.synthes3d.com\/fr\/services\/\",\"url\":\"https:\/\/www.synthes3d.com\/fr\/services\/\",\"name\":\"Services - Studio digital 3D, Marketing & P\u00e9dagogiques - SYNTHES'3D\",\"isPartOf\":{\"@id\":\"https:\/\/www.synthes3d.com\/fr\/#website\"},\"datePublished\":\"2018-05-21T14:37:34+00:00\",\"dateModified\":\"2025-03-14T15:17:41+00:00\",\"description\":\"SYNTHES3D propose un panel complet de services et de solutions pour r\u00e9pondre \u00e0 vos besoins digitaux, 3D, marketing et p\u00e9dagogiques.\",\"breadcrumb\":{\"@id\":\"https:\/\/www.synthes3d.com\/fr\/services\/#breadcrumb\"},\"inLanguage\":\"fr-FR\",\"potentialAction\":[{\"@type\":\"ReadAction\",\"target\":[\"https:\/\/www.synthes3d.com\/fr\/services\/\"]}]},{\"@type\":\"BreadcrumbList\",\"@id\":\"https:\/\/www.synthes3d.com\/fr\/services\/#breadcrumb\",\"itemListElement\":[{\"@type\":\"ListItem\",\"position\":1,\"name\":\"Accueil\",\"item\":\"https:\/\/www.synthes3d.com\/fr\/\"},{\"@type\":\"ListItem\",\"position\":2,\"name\":\"Services\"}]},{\"@type\":\"WebSite\",\"@id\":\"https:\/\/www.synthes3d.com\/fr\/#website\",\"url\":\"https:\/\/www.synthes3d.com\/fr\/\",\"name\":\"SYNTHES&#039;3D\",\"description\":\"Studio Digital\",\"publisher\":{\"@id\":\"https:\/\/www.synthes3d.com\/fr\/#organization\"},\"alternateName\":\"SYNTHES3D\",\"potentialAction\":[{\"@type\":\"SearchAction\",\"target\":{\"@type\":\"EntryPoint\",\"urlTemplate\":\"https:\/\/www.synthes3d.com\/fr\/?s={search_term_string}\"},\"query-input\":{\"@type\":\"PropertyValueSpecification\",\"valueRequired\":true,\"valueName\":\"search_term_string\"}}],\"inLanguage\":\"fr-FR\"},{\"@type\":\"Organization\",\"@id\":\"https:\/\/www.synthes3d.com\/fr\/#organization\",\"name\":\"SYNTHES'3D\",\"alternateName\":\"SYNTHES3D\",\"url\":\"https:\/\/www.synthes3d.com\/fr\/\",\"logo\":{\"@type\":\"ImageObject\",\"inLanguage\":\"fr-FR\",\"@id\":\"https:\/\/www.synthes3d.com\/fr\/#\/schema\/logo\/image\/\",\"url\":\"https:\/\/www.synthes3d.com\/wp-content\/uploads\/2018\/10\/mini_logo_v2.png\",\"contentUrl\":\"https:\/\/www.synthes3d.com\/wp-content\/uploads\/2018\/10\/mini_logo_v2.png\",\"width\":287,\"height\":284,\"caption\":\"SYNTHES'3D\"},\"image\":{\"@id\":\"https:\/\/www.synthes3d.com\/fr\/#\/schema\/logo\/image\/\"}}]}<\/script>\n<!-- \/ Yoast SEO plugin. -->","yoast_head_json":{"title":"Services - Studio digital 3D, Marketing & P\u00e9dagogiques - SYNTHES'3D","description":"SYNTHES3D propose un panel complet de services et de solutions pour r\u00e9pondre \u00e0 vos besoins digitaux, 3D, marketing et p\u00e9dagogiques.","robots":{"index":"index","follow":"follow","max-snippet":"max-snippet:-1","max-image-preview":"max-image-preview:large","max-video-preview":"max-video-preview:-1"},"og_locale":"fr_FR","og_type":"article","og_title":"Services - Studio digital 3D, Marketing & P\u00e9dagogiques - SYNTHES'3D","og_description":"SYNTHES3D propose un panel complet de services et de solutions pour r\u00e9pondre \u00e0 vos besoins digitaux, 3D, marketing et p\u00e9dagogiques.","og_url":"https:\/\/www.synthes3d.com\/fr\/services\/","og_site_name":"SYNTHES&#039;3D","article_modified_time":"2025-03-14T15:17:41+00:00","og_image":[{"width":299,"height":120,"url":"https:\/\/www.synthes3d.com\/wp-content\/uploads\/2018\/04\/OFFICIEL-VERTICAL-SYNTHES3D_v3.png","type":"image\/png"}],"twitter_misc":{"Dur\u00e9e de lecture estim\u00e9e":"2 minutes"},"schema":{"@context":"https:\/\/schema.org","@graph":[{"@type":"WebPage","@id":"https:\/\/www.synthes3d.com\/fr\/services\/","url":"https:\/\/www.synthes3d.com\/fr\/services\/","name":"Services - Studio digital 3D, Marketing & P\u00e9dagogiques - SYNTHES'3D","isPartOf":{"@id":"https:\/\/www.synthes3d.com\/fr\/#website"},"datePublished":"2018-05-21T14:37:34+00:00","dateModified":"2025-03-14T15:17:41+00:00","description":"SYNTHES3D propose un panel complet de services et de solutions pour r\u00e9pondre \u00e0 vos besoins digitaux, 3D, marketing et p\u00e9dagogiques.","breadcrumb":{"@id":"https:\/\/www.synthes3d.com\/fr\/services\/#breadcrumb"},"inLanguage":"fr-FR","potentialAction":[{"@type":"ReadAction","target":["https:\/\/www.synthes3d.com\/fr\/services\/"]}]},{"@type":"BreadcrumbList","@id":"https:\/\/www.synthes3d.com\/fr\/services\/#breadcrumb","itemListElement":[{"@type":"ListItem","position":1,"name":"Accueil","item":"https:\/\/www.synthes3d.com\/fr\/"},{"@type":"ListItem","position":2,"name":"Services"}]},{"@type":"WebSite","@id":"https:\/\/www.synthes3d.com\/fr\/#website","url":"https:\/\/www.synthes3d.com\/fr\/","name":"SYNTHES&#039;3D","description":"Studio Digital","publisher":{"@id":"https:\/\/www.synthes3d.com\/fr\/#organization"},"alternateName":"SYNTHES3D","potentialAction":[{"@type":"SearchAction","target":{"@type":"EntryPoint","urlTemplate":"https:\/\/www.synthes3d.com\/fr\/?s={search_term_string}"},"query-input":{"@type":"PropertyValueSpecification","valueRequired":true,"valueName":"search_term_string"}}],"inLanguage":"fr-FR"},{"@type":"Organization","@id":"https:\/\/www.synthes3d.com\/fr\/#organization","name":"SYNTHES'3D","alternateName":"SYNTHES3D","url":"https:\/\/www.synthes3d.com\/fr\/","logo":{"@type":"ImageObject","inLanguage":"fr-FR","@id":"https:\/\/www.synthes3d.com\/fr\/#\/schema\/logo\/image\/","url":"https:\/\/www.synthes3d.com\/wp-content\/uploads\/2018\/10\/mini_logo_v2.png","contentUrl":"https:\/\/www.synthes3d.com\/wp-content\/uploads\/2018\/10\/mini_logo_v2.png","width":287,"height":284,"caption":"SYNTHES'3D"},"image":{"@id":"https:\/\/www.synthes3d.com\/fr\/#\/schema\/logo\/image\/"}}]}},"_links":{"self":[{"href":"https:\/\/www.synthes3d.com\/fr\/wp-json\/wp\/v2\/pages\/464","targetHints":{"allow":["GET"]}}],"collection":[{"href":"https:\/\/www.synthes3d.com\/fr\/wp-json\/wp\/v2\/pages"}],"about":[{"href":"https:\/\/www.synthes3d.com\/fr\/wp-json\/wp\/v2\/types\/page"}],"author":[{"embeddable":true,"href":"https:\/\/www.synthes3d.com\/fr\/wp-json\/wp\/v2\/users\/1"}],"replies":[{"embeddable":true,"href":"https:\/\/www.synthes3d.com\/fr\/wp-json\/wp\/v2\/comments?post=464"}],"version-history":[{"count":32,"href":"https:\/\/www.synthes3d.com\/fr\/wp-json\/wp\/v2\/pages\/464\/revisions"}],"predecessor-version":[{"id":7248,"href":"https:\/\/www.synthes3d.com\/fr\/wp-json\/wp\/v2\/pages\/464\/revisions\/7248"}],"wp:attachment":[{"href":"https:\/\/www.synthes3d.com\/fr\/wp-json\/wp\/v2\/media?parent=464"}],"curies":[{"name":"wp","href":"https:\/\/api.w.org\/{rel}","templated":true}]}}