{"id":6620,"date":"2023-09-29T08:44:56","date_gmt":"2023-09-29T07:44:56","guid":{"rendered":"https:\/\/www.synthes3d.com\/?page_id=6620"},"modified":"2023-12-19T12:19:33","modified_gmt":"2023-12-19T11:19:33","slug":"prescripteurs","status":"publish","type":"page","link":"https:\/\/www.synthes3d.com\/fr\/prescripteurs\/","title":{"rendered":"Prescripteurs"},"content":{"rendered":"<section class=\"l-section wpb_row us_custom_e92b4467 height_medium\"><div class=\"l-section-h i-cf\"><div class=\"g-cols vc_row via_flex valign_top type_default stacking_default\"><div class=\"vc_col-sm-12 wpb_column vc_column_container\"><div class=\"vc_column-inner\"><div class=\"wpb_wrapper\"><div class=\"g-cols wpb_row prescripteur-row via_flex valign_top type_default stacking_default\"><div class=\"vc_col-sm-12 wpb_column vc_column_container\"><div class=\"vc_column-inner\"><div class=\"wpb_wrapper\"><div class=\"wpb_text_column us_custom_d3db3880 has_text_color\"><div class=\"wpb_wrapper\"><h1 style=\"text-align: center;\">Soyez r\u00e9mun\u00e9r\u00e9<br \/>\nEN NOUS RECOMMANDANT<br \/>\nAUTOUR DE VOUS !<\/h1>\n<\/div><\/div><div class=\"wpb_text_column us_custom_ed8a489a\"><div class=\"wpb_wrapper\"><p style=\"text-align: center;\">Fa\u00eetes la promotion de <strong>SYNTHES&rsquo;3D<\/strong> autour de vous et au sein de vos r\u00e9seaux personnels et professionnels respectifs afin de nous apporter des nouveaux clients et de nouvelles opportunit\u00e9s commerciales en France comme \u00e0 l&rsquo;international.<\/p>\n<\/div><\/div><div class=\"w-separator size_medium with_line width_50 thick_1 style_solid color_secondary align_center\"><div class=\"w-separator-h\"><\/div><\/div><div class=\"wpb_text_column us_custom_4c9a55d9 has_text_color\"><div class=\"wpb_wrapper\"><p style=\"text-align: center;\">POUR VOUS REMERCIER D&rsquo;ETRE NOTRE PRESCRIPTEUR,<br \/>\n<span class=\"prescripteur-commission\">Nous vous r\u00e9mun\u00e9rons par une commission de<\/span><br \/>\n<span class=\"prescripteur-pourcentage\">10%<\/span><br \/>\nsur le chiffre d\u2019affaires*<\/p>\n<\/div><\/div><div class=\"wpb_text_column us_custom_133da743 has_text_color\"><div class=\"wpb_wrapper\"><p style=\"text-align: center;\">g\u00e9n\u00e9r\u00e9 par le 1er projet de chaque recommandation issue de votre r\u00e9seau de clients\/sous-traitants\/fournisseurs\/partenaires<br \/>\n(non d\u00e9j\u00e0 clients de SYNTHES&rsquo;3D) !<\/p>\n<\/div><\/div><div class=\"wpb_text_column us_custom_a9732c90\"><div class=\"wpb_wrapper\"><p>* Chiffre d\u2019affaires du 1er projet uniquement g\u00e9n\u00e9r\u00e9 par le nouveau client hors achat de mat\u00e9riel et hors sous-traitance. Aucune limite sur la quantit\u00e9 de nouveaux clients. Facturation en direct avec le client final. Paiement de la commission d\u2019apporteur d\u2019affaires une fois le paiement complet re\u00e7u de la part du client.<\/p>\n<\/div><\/div><\/div><\/div><\/div><\/div><\/div><\/div><\/div><\/div><\/div><\/section><!-- Row Backgrounds -->\n","protected":false},"excerpt":{"rendered":"Soyez r\u00e9mun\u00e9r\u00e9 EN NOUS RECOMMANDANT AUTOUR DE VOUS ! Fa\u00eetes la promotion de SYNTHES&rsquo;3D autour de vous et au sein de vos r\u00e9seaux personnels et professionnels respectifs afin de nous apporter des nouveaux clients et de nouvelles opportunit\u00e9s commerciales en France comme \u00e0 l&rsquo;international. POUR VOUS REMERCIER D&rsquo;ETRE NOTRE PRESCRIPTEUR, Nous vous r\u00e9mun\u00e9rons par une...","protected":false},"author":1,"featured_media":0,"parent":0,"menu_order":0,"comment_status":"closed","ping_status":"closed","template":"","meta":{"footnotes":""},"class_list":["post-6620","page","type-page","status-publish","hentry"],"yoast_head":"<!-- This site is optimized with the Yoast SEO plugin v27.0 - https:\/\/yoast.com\/product\/yoast-seo-wordpress\/ -->\n<title>Recommandez SYNTHES&#039;3D autour de vous et soyez r\u00e9compens\u00e9<\/title>\n<meta name=\"robots\" content=\"index, follow, max-snippet:-1, max-image-preview:large, max-video-preview:-1\" \/>\n<meta property=\"og:locale\" content=\"fr_FR\" \/>\n<meta property=\"og:type\" content=\"article\" \/>\n<meta property=\"og:title\" content=\"Recommandez SYNTHES&#039;3D autour de vous et soyez r\u00e9compens\u00e9\" \/>\n<meta property=\"og:url\" content=\"https:\/\/www.synthes3d.com\/fr\/prescripteurs\/\" \/>\n<meta property=\"og:site_name\" content=\"SYNTHES&#039;3D\" \/>\n<meta property=\"article:modified_time\" content=\"2023-12-19T11:19:33+00:00\" \/>\n<meta property=\"og:image\" content=\"https:\/\/www.synthes3d.com\/wp-content\/uploads\/2018\/04\/OFFICIEL-VERTICAL-SYNTHES3D_v3.png\" \/>\n\t<meta property=\"og:image:width\" content=\"299\" \/>\n\t<meta property=\"og:image:height\" content=\"120\" \/>\n\t<meta property=\"og:image:type\" content=\"image\/png\" \/>\n<meta name=\"twitter:label1\" content=\"Dur\u00e9e de lecture estim\u00e9e\" \/>\n\t<meta name=\"twitter:data1\" content=\"1 minute\" \/>\n<script type=\"application\/ld+json\" class=\"yoast-schema-graph\">{\"@context\":\"https:\/\/schema.org\",\"@graph\":[{\"@type\":\"WebPage\",\"@id\":\"https:\/\/www.synthes3d.com\/fr\/prescripteurs\/\",\"url\":\"https:\/\/www.synthes3d.com\/fr\/prescripteurs\/\",\"name\":\"Recommandez SYNTHES'3D autour de vous et soyez r\u00e9compens\u00e9\",\"isPartOf\":{\"@id\":\"https:\/\/www.synthes3d.com\/fr\/#website\"},\"datePublished\":\"2023-09-29T07:44:56+00:00\",\"dateModified\":\"2023-12-19T11:19:33+00:00\",\"breadcrumb\":{\"@id\":\"https:\/\/www.synthes3d.com\/fr\/prescripteurs\/#breadcrumb\"},\"inLanguage\":\"fr-FR\",\"potentialAction\":[{\"@type\":\"ReadAction\",\"target\":[\"https:\/\/www.synthes3d.com\/fr\/prescripteurs\/\"]}]},{\"@type\":\"BreadcrumbList\",\"@id\":\"https:\/\/www.synthes3d.com\/fr\/prescripteurs\/#breadcrumb\",\"itemListElement\":[{\"@type\":\"ListItem\",\"position\":1,\"name\":\"Accueil\",\"item\":\"https:\/\/www.synthes3d.com\/fr\/\"},{\"@type\":\"ListItem\",\"position\":2,\"name\":\"Prescripteurs\"}]},{\"@type\":\"WebSite\",\"@id\":\"https:\/\/www.synthes3d.com\/fr\/#website\",\"url\":\"https:\/\/www.synthes3d.com\/fr\/\",\"name\":\"SYNTHES&#039;3D\",\"description\":\"Studio Digital\",\"publisher\":{\"@id\":\"https:\/\/www.synthes3d.com\/fr\/#organization\"},\"alternateName\":\"SYNTHES3D\",\"potentialAction\":[{\"@type\":\"SearchAction\",\"target\":{\"@type\":\"EntryPoint\",\"urlTemplate\":\"https:\/\/www.synthes3d.com\/fr\/?s={search_term_string}\"},\"query-input\":{\"@type\":\"PropertyValueSpecification\",\"valueRequired\":true,\"valueName\":\"search_term_string\"}}],\"inLanguage\":\"fr-FR\"},{\"@type\":\"Organization\",\"@id\":\"https:\/\/www.synthes3d.com\/fr\/#organization\",\"name\":\"SYNTHES'3D\",\"alternateName\":\"SYNTHES3D\",\"url\":\"https:\/\/www.synthes3d.com\/fr\/\",\"logo\":{\"@type\":\"ImageObject\",\"inLanguage\":\"fr-FR\",\"@id\":\"https:\/\/www.synthes3d.com\/fr\/#\/schema\/logo\/image\/\",\"url\":\"https:\/\/www.synthes3d.com\/wp-content\/uploads\/2018\/10\/mini_logo_v2.png\",\"contentUrl\":\"https:\/\/www.synthes3d.com\/wp-content\/uploads\/2018\/10\/mini_logo_v2.png\",\"width\":287,\"height\":284,\"caption\":\"SYNTHES'3D\"},\"image\":{\"@id\":\"https:\/\/www.synthes3d.com\/fr\/#\/schema\/logo\/image\/\"}}]}<\/script>\n<!-- \/ Yoast SEO plugin. -->","yoast_head_json":{"title":"Recommandez SYNTHES'3D autour de vous et soyez r\u00e9compens\u00e9","robots":{"index":"index","follow":"follow","max-snippet":"max-snippet:-1","max-image-preview":"max-image-preview:large","max-video-preview":"max-video-preview:-1"},"og_locale":"fr_FR","og_type":"article","og_title":"Recommandez SYNTHES'3D autour de vous et soyez r\u00e9compens\u00e9","og_url":"https:\/\/www.synthes3d.com\/fr\/prescripteurs\/","og_site_name":"SYNTHES&#039;3D","article_modified_time":"2023-12-19T11:19:33+00:00","og_image":[{"width":299,"height":120,"url":"https:\/\/www.synthes3d.com\/wp-content\/uploads\/2018\/04\/OFFICIEL-VERTICAL-SYNTHES3D_v3.png","type":"image\/png"}],"twitter_misc":{"Dur\u00e9e de lecture estim\u00e9e":"1 minute"},"schema":{"@context":"https:\/\/schema.org","@graph":[{"@type":"WebPage","@id":"https:\/\/www.synthes3d.com\/fr\/prescripteurs\/","url":"https:\/\/www.synthes3d.com\/fr\/prescripteurs\/","name":"Recommandez SYNTHES'3D autour de vous et soyez r\u00e9compens\u00e9","isPartOf":{"@id":"https:\/\/www.synthes3d.com\/fr\/#website"},"datePublished":"2023-09-29T07:44:56+00:00","dateModified":"2023-12-19T11:19:33+00:00","breadcrumb":{"@id":"https:\/\/www.synthes3d.com\/fr\/prescripteurs\/#breadcrumb"},"inLanguage":"fr-FR","potentialAction":[{"@type":"ReadAction","target":["https:\/\/www.synthes3d.com\/fr\/prescripteurs\/"]}]},{"@type":"BreadcrumbList","@id":"https:\/\/www.synthes3d.com\/fr\/prescripteurs\/#breadcrumb","itemListElement":[{"@type":"ListItem","position":1,"name":"Accueil","item":"https:\/\/www.synthes3d.com\/fr\/"},{"@type":"ListItem","position":2,"name":"Prescripteurs"}]},{"@type":"WebSite","@id":"https:\/\/www.synthes3d.com\/fr\/#website","url":"https:\/\/www.synthes3d.com\/fr\/","name":"SYNTHES&#039;3D","description":"Studio Digital","publisher":{"@id":"https:\/\/www.synthes3d.com\/fr\/#organization"},"alternateName":"SYNTHES3D","potentialAction":[{"@type":"SearchAction","target":{"@type":"EntryPoint","urlTemplate":"https:\/\/www.synthes3d.com\/fr\/?s={search_term_string}"},"query-input":{"@type":"PropertyValueSpecification","valueRequired":true,"valueName":"search_term_string"}}],"inLanguage":"fr-FR"},{"@type":"Organization","@id":"https:\/\/www.synthes3d.com\/fr\/#organization","name":"SYNTHES'3D","alternateName":"SYNTHES3D","url":"https:\/\/www.synthes3d.com\/fr\/","logo":{"@type":"ImageObject","inLanguage":"fr-FR","@id":"https:\/\/www.synthes3d.com\/fr\/#\/schema\/logo\/image\/","url":"https:\/\/www.synthes3d.com\/wp-content\/uploads\/2018\/10\/mini_logo_v2.png","contentUrl":"https:\/\/www.synthes3d.com\/wp-content\/uploads\/2018\/10\/mini_logo_v2.png","width":287,"height":284,"caption":"SYNTHES'3D"},"image":{"@id":"https:\/\/www.synthes3d.com\/fr\/#\/schema\/logo\/image\/"}}]}},"_links":{"self":[{"href":"https:\/\/www.synthes3d.com\/fr\/wp-json\/wp\/v2\/pages\/6620","targetHints":{"allow":["GET"]}}],"collection":[{"href":"https:\/\/www.synthes3d.com\/fr\/wp-json\/wp\/v2\/pages"}],"about":[{"href":"https:\/\/www.synthes3d.com\/fr\/wp-json\/wp\/v2\/types\/page"}],"author":[{"embeddable":true,"href":"https:\/\/www.synthes3d.com\/fr\/wp-json\/wp\/v2\/users\/1"}],"replies":[{"embeddable":true,"href":"https:\/\/www.synthes3d.com\/fr\/wp-json\/wp\/v2\/comments?post=6620"}],"version-history":[{"count":25,"href":"https:\/\/www.synthes3d.com\/fr\/wp-json\/wp\/v2\/pages\/6620\/revisions"}],"predecessor-version":[{"id":6648,"href":"https:\/\/www.synthes3d.com\/fr\/wp-json\/wp\/v2\/pages\/6620\/revisions\/6648"}],"wp:attachment":[{"href":"https:\/\/www.synthes3d.com\/fr\/wp-json\/wp\/v2\/media?parent=6620"}],"curies":[{"name":"wp","href":"https:\/\/api.w.org\/{rel}","templated":true}]}}