{"id":904,"date":"2018-07-16T14:49:39","date_gmt":"2018-07-16T13:49:39","guid":{"rendered":"http:\/\/synthes3d.com\/?page_id=904"},"modified":"2023-10-19T16:35:41","modified_gmt":"2023-10-19T15:35:41","slug":"credits","status":"publish","type":"page","link":"https:\/\/www.synthes3d.com\/fr\/credits\/","title":{"rendered":"Cr\u00e9dits"},"content":{"rendered":"<section class=\"l-section wpb_row us_custom_d2249659 bg_logo_header height_auto with_img\"><div class=\"l-section-img\" role=\"img\" aria-label=\"Image\" data-img-width=\"489\" data-img-height=\"539\" style=\"background-image: url(https:\/\/www.synthes3d.com\/wp-content\/uploads\/2018\/07\/bg_logo.jpg);background-position: top right;background-repeat: no-repeat;background-size: auto;\"><\/div><div class=\"l-section-h i-cf\"><div class=\"g-cols vc_row via_flex valign_top type_default stacking_default\"><div class=\"vc_col-sm-12 wpb_column vc_column_container\"><div class=\"vc_column-inner\"><div class=\"wpb_wrapper\"><div id=\"ultimate-heading-196269f1486377011\" class=\"uvc-heading ult-adjust-bottom-margin ultimate-heading-196269f1486377011 uvc-9829 majuscule\" data-hspacer=\"no_spacer\"  data-halign=\"center\" style=\"text-align:center\"><div class=\"uvc-heading-spacer no_spacer\" style=\"top\"><\/div><div class=\"uvc-main-heading ult-responsive\"  data-ultimate-target='.uvc-heading.ultimate-heading-196269f1486377011 h1'  data-responsive-json-new='{\"font-size\":\"\",\"line-height\":\"\"}' ><h1 style=\"font-weight:normal;margin-bottom:80px;\">Notre syst\u00e8me de Cr\u00e9dits<\/h1><\/div><\/div><div class=\"g-cols wpb_row via_flex valign_top type_default stacking_default\"><div class=\"vc_col-sm-8 wpb_column vc_column_container\"><div class=\"vc_column-inner\"><div class=\"wpb_wrapper\"><div class=\"wpb_text_column justify\"><div class=\"wpb_wrapper\"><p>Afin de construire un partenariat long-terme avec nos clients et dans le but de r\u00e9duire les circuits administratifs (devis, commandes, factures), nous avons mis en place, pour les clients qui le souhaitent, un syst\u00e8me de Cr\u00e9dits.<\/p>\n<p>Le Cr\u00e9dit SYNTHES\u20193D permet de payer toutes prestations effectu\u00e9es chez nous, qu\u2019elles soient courtes comme longues. Lorsque le fonctionnement par cr\u00e9dits est activ\u00e9 entre nous et notre client, chaque projet est estim\u00e9 en nombre de cr\u00e9dits \u00e0 l\u2019instar d\u2019un devis traditionnel.<\/p>\n<p>Chaque client peut donc d\u00e9cider de commander un pack de Cr\u00e9dits SYNTHES\u20193D pour payer nos prestations \u00e0 venir afin de profiter d\u2019un prix unitaire remis\u00e9.<\/p>\n<\/div><\/div><\/div><\/div><\/div><div class=\"vc_col-sm-4 wpb_column vc_column_container\"><div class=\"vc_column-inner\"><div class=\"wpb_wrapper\"><div class=\"w-image align_center\"><div class=\"w-image-h\"><img decoding=\"async\" width=\"150\" height=\"150\" src=\"https:\/\/www.synthes3d.com\/wp-content\/uploads\/2018\/08\/cedit-150x150.png\" class=\"attachment-thumbnail size-thumbnail\" alt=\"Cr\u00e9dit SYNTHES&#039;3D\" loading=\"lazy\" srcset=\"https:\/\/www.synthes3d.com\/wp-content\/uploads\/2018\/08\/cedit-150x150.png 150w, https:\/\/www.synthes3d.com\/wp-content\/uploads\/2018\/08\/cedit-300x300.png 300w, https:\/\/www.synthes3d.com\/wp-content\/uploads\/2018\/08\/cedit-200x200.png 200w, https:\/\/www.synthes3d.com\/wp-content\/uploads\/2018\/08\/cedit-180x180.png 180w, https:\/\/www.synthes3d.com\/wp-content\/uploads\/2018\/08\/cedit-285x285.png 285w, https:\/\/www.synthes3d.com\/wp-content\/uploads\/2018\/08\/cedit-284x284.png 284w, https:\/\/www.synthes3d.com\/wp-content\/uploads\/2018\/08\/cedit-251x251.png 251w, https:\/\/www.synthes3d.com\/wp-content\/uploads\/2018\/08\/cedit-61x61.png 61w, https:\/\/www.synthes3d.com\/wp-content\/uploads\/2018\/08\/cedit.png 306w\" sizes=\"auto, (max-width: 150px) 100vw, 150px\" \/><\/div><\/div><div class=\"wpb_text_column infos_credit\"><div class=\"wpb_wrapper\"><p style=\"text-align: center;\"><strong>1 Cr\u00e9dit = 100 \u20ac <sup>HT<\/sup><\/strong><br \/>\n<strong>Valable 24 mois<\/strong><\/p>\n<\/div><\/div><\/div><\/div><\/div><\/div><div id=\"ultimate-heading-478069f148637a645\" class=\"uvc-heading ult-adjust-bottom-margin ultimate-heading-478069f148637a645 uvc-8250 \" data-hspacer=\"no_spacer\"  data-halign=\"center\" style=\"text-align:center\"><div class=\"uvc-heading-spacer no_spacer\" style=\"top\"><\/div><div class=\"uvc-main-heading ult-responsive\"  data-ultimate-target='.uvc-heading.ultimate-heading-478069f148637a645 h2'  data-responsive-json-new='{\"font-size\":\"\",\"line-height\":\"\"}' ><h2 style=\"font-weight:normal;margin-top:80px;\">Les + pour vous<\/h2><\/div><\/div><div class=\"g-cols wpb_row us_custom_916d5e53 via_flex valign_top type_default stacking_default\"><div class=\"vc_col-sm-4 wpb_column vc_column_container\"><div class=\"vc_column-inner\"><div class=\"wpb_wrapper\"><div class=\"w-iconbox iconpos_top style_default color_primary align_center no_text icontype_img\"><div class=\"w-iconbox-icon\" style=\"font-size:2rem;\"><img loading=\"lazy\" decoding=\"async\" width=\"36\" height=\"36\" src=\"https:\/\/www.synthes3d.com\/wp-content\/uploads\/2018\/08\/20.png\" class=\"attachment-full size-full\" alt=\"Icone +\" \/><\/div><div class=\"w-iconbox-meta\"><h4 class=\"w-iconbox-title\">Remise commerciale sur le volume command\u00e9<\/h4><\/div><\/div><\/div><\/div><\/div><div class=\"vc_col-sm-4 wpb_column vc_column_container\"><div class=\"vc_column-inner\"><div class=\"wpb_wrapper\"><div class=\"w-iconbox iconpos_top style_default color_primary align_center no_text icontype_img\"><div class=\"w-iconbox-icon\" style=\"font-size:2rem;\"><img loading=\"lazy\" decoding=\"async\" width=\"36\" height=\"36\" src=\"https:\/\/www.synthes3d.com\/wp-content\/uploads\/2018\/08\/20.png\" class=\"attachment-full size-full\" alt=\"Icone +\" \/><\/div><div class=\"w-iconbox-meta\"><h4 class=\"w-iconbox-title\">Fluidification du process d&rsquo;achat, de commande et de facturation<\/h4><\/div><\/div><\/div><\/div><\/div><div class=\"vc_col-sm-4 wpb_column vc_column_container\"><div class=\"vc_column-inner\"><div class=\"wpb_wrapper\"><div class=\"w-iconbox iconpos_top style_default color_primary align_center no_text icontype_img\"><div class=\"w-iconbox-icon\" style=\"font-size:2rem;\"><img loading=\"lazy\" decoding=\"async\" width=\"36\" height=\"36\" src=\"https:\/\/www.synthes3d.com\/wp-content\/uploads\/2018\/08\/20.png\" class=\"attachment-full size-full\" alt=\"Icone +\" \/><\/div><div class=\"w-iconbox-meta\"><h4 class=\"w-iconbox-title\">Gain de temps pour vous et vos \u00e9quipes<\/h4><\/div><\/div><\/div><\/div><\/div><\/div><div id=\"ultimate-heading-754569f148637ca1e\" class=\"uvc-heading ult-adjust-bottom-margin ultimate-heading-754569f148637ca1e uvc-2580 \" data-hspacer=\"no_spacer\"  data-halign=\"center\" style=\"text-align:center\"><div class=\"uvc-heading-spacer no_spacer\" style=\"top\"><\/div><div class=\"uvc-main-heading ult-responsive\"  data-ultimate-target='.uvc-heading.ultimate-heading-754569f148637ca1e h2'  data-responsive-json-new='{\"font-size\":\"\",\"line-height\":\"\"}' ><h2 style=\"font-weight:normal;margin-top:80px;margin-bottom:40px;\">Les packs disponibles<\/h2><\/div><\/div><div class=\"w-tabs layout_hor style_default switch_click has_scrolling\" style=\"--sections-title-size:24px\"><div class=\"w-tabs-list items_2 align_justify\"><div class=\"w-tabs-list-h\"><button class=\"w-tabs-item active\" aria-controls=\"content-y508\" aria-expanded=\"false\"><span class=\"w-tabs-item-title\">100% du paiement \u00e0 la commande *<\/span><\/button><button class=\"w-tabs-item\" aria-controls=\"content-ydb6\" aria-expanded=\"false\"><span class=\"w-tabs-item-title\">Paiement \u00e0 chaque fin de mois *<\/span><\/button><\/div><\/div><div class=\"w-tabs-sections titles-align_none icon_chevron cpos_right\"><div class=\"w-tabs-section active\" id=\"y508\"><button class=\"w-tabs-section-header active\" aria-controls=\"content-y508\" aria-expanded=\"true\"><div class=\"w-tabs-section-title\">100% du paiement \u00e0 la commande *<\/div><div class=\"w-tabs-section-control\"><\/div><\/button><div  class=\"w-tabs-section-content\" id=\"content-y508\"><div class=\"w-tabs-section-content-h i-cf\"><div class=\"w-pricing tableau_credits credits_fr style_simple items_5\"><div class=\"w-pricing-item type_default\"><div class=\"w-pricing-item-h\"><div class=\"w-pricing-item-header\"><div class=\"w-pricing-item-title\">Pack<\/div><div class=\"w-pricing-item-price\">50 Cr\u00e9dits<\/div><\/div><ul class=\"w-pricing-item-features\"><li class=\"w-pricing-item-feature\">Valeur : 5 000 \u20ac <sup>HT<\/sup><\/li><li class=\"w-pricing-item-feature\"><span class=\"remise\">Remise : 3%<\/span><\/li><li class=\"w-pricing-item-feature\">Prix : 4 850 \u20ac <sup>HT<\/sup><\/li><\/ul><div class=\"w-pricing-item-footer\"><a class=\"w-btn us-btn-style_2\" style=\"font-size:15px\" href=\"https:\/\/www.synthes3d.com\/fr\/contact\/\"><span class=\"w-btn-label\">\u00c9conomisez<br \/>150 \u20ac ! <\/span><\/a><\/div><\/div><\/div><div class=\"w-pricing-item type_default\"><div class=\"w-pricing-item-h\"><div class=\"w-pricing-item-header\"><div class=\"w-pricing-item-title\">Pack<\/div><div class=\"w-pricing-item-price\">100 Cr\u00e9dits<\/div><\/div><ul class=\"w-pricing-item-features\"><li class=\"w-pricing-item-feature\">Valeur : 10 000 \u20ac <sup>HT<\/sup><\/li><li class=\"w-pricing-item-feature\"><span class=\"remise\">Remise : 5%<\/span><\/li><li class=\"w-pricing-item-feature\">Prix : 9 500 \u20ac <sup>HT<\/sup><\/li><\/ul><div class=\"w-pricing-item-footer\"><a class=\"w-btn us-btn-style_2\" style=\"font-size:15px\" href=\"https:\/\/www.synthes3d.com\/fr\/contact\/\"><span class=\"w-btn-label\">\u00c9conomisez<br \/> 500 \u20ac !<\/span><\/a><\/div><\/div><\/div><div class=\"w-pricing-item type_featured\"><div class=\"w-pricing-item-h\"><div class=\"w-pricing-item-header\"><div class=\"w-pricing-item-title\">Pack<\/div><div class=\"w-pricing-item-price\">250 Cr\u00e9dits<\/div><\/div><ul class=\"w-pricing-item-features\"><li class=\"w-pricing-item-feature\">Valeur : 25 000 \u20ac <sup>HT<\/sup><\/li><li class=\"w-pricing-item-feature\"><span class=\"remise\">Remise : 8%<\/span><\/li><li class=\"w-pricing-item-feature\">Prix : 23 000 \u20ac <sup>HT<\/sup><\/li><\/ul><div class=\"w-pricing-item-footer\"><a class=\"w-btn us-btn-style_2\" style=\"font-size:15px\" href=\"https:\/\/www.synthes3d.com\/fr\/contact\/\"><span class=\"w-btn-label\">\u00c9conomisez<br \/>2 000 \u20ac !<\/span><\/a><\/div><\/div><\/div><div class=\"w-pricing-item type_default\"><div class=\"w-pricing-item-h\"><div class=\"w-pricing-item-header\"><div class=\"w-pricing-item-title\">Pack<\/div><div class=\"w-pricing-item-price\">500 Cr\u00e9dits<\/div><\/div><ul class=\"w-pricing-item-features\"><li class=\"w-pricing-item-feature\">Valeur : 50 000 \u20ac <sup>HT<\/sup><\/li><li class=\"w-pricing-item-feature\"><span class=\"remise\">Remise : 10%<\/span><\/li><li class=\"w-pricing-item-feature\">Prix : 45 000 \u20ac <sup>HT<\/sup><\/li><\/ul><div class=\"w-pricing-item-footer\"><a class=\"w-btn us-btn-style_2\" style=\"font-size:15px\" href=\"https:\/\/www.synthes3d.com\/fr\/contact\/\"><span class=\"w-btn-label\">\u00c9conomisez<br \/>5 000 \u20ac !<\/span><\/a><\/div><\/div><\/div><div class=\"w-pricing-item type_default\"><div class=\"w-pricing-item-h\"><div class=\"w-pricing-item-header\"><div class=\"w-pricing-item-title\">Pack<\/div><div class=\"w-pricing-item-price\">1 000 Cr\u00e9dits<\/div><\/div><ul class=\"w-pricing-item-features\"><li class=\"w-pricing-item-feature\">Valeur : 100 000 \u20ac <sup>HT<\/sup><\/li><li class=\"w-pricing-item-feature\"><span class=\"remise\">Remise : 15%<\/span><\/li><li class=\"w-pricing-item-feature\">Prix : 85 000 \u20ac <sup>HT<\/sup><\/li><\/ul><div class=\"w-pricing-item-footer\"><a class=\"w-btn us-btn-style_2\" style=\"font-size:15px\" href=\"https:\/\/www.synthes3d.com\/fr\/contact\/\"><span class=\"w-btn-label\">\u00c9conomisez<br \/>15 000 \u20ac+!<\/span><\/a><\/div><\/div><\/div><\/div><div class=\"wpb_text_column\"><div class=\"wpb_wrapper\"><p>* 100% du paiement \u00e0 la commande (par ch\u00e8que, virement ou pr\u00e9l\u00e8vement bancaire)<\/p>\n<\/div><\/div><\/div><\/div><\/div><div class=\"w-tabs-section\" id=\"ydb6\"><button class=\"w-tabs-section-header\" aria-controls=\"content-ydb6\" aria-expanded=\"false\"><div class=\"w-tabs-section-title\">Paiement \u00e0 chaque fin de mois *<\/div><div class=\"w-tabs-section-control\"><\/div><\/button><div  class=\"w-tabs-section-content\" id=\"content-ydb6\"><div class=\"w-tabs-section-content-h i-cf\"><div class=\"w-pricing tableau_credits credits_fr style_simple items_5\"><div class=\"w-pricing-item type_default\"><div class=\"w-pricing-item-h\"><div class=\"w-pricing-item-header\"><div class=\"w-pricing-item-title\">Pack<\/div><div class=\"w-pricing-item-price\">50 Cr\u00e9dits<\/div><\/div><ul class=\"w-pricing-item-features\"><li class=\"w-pricing-item-feature\">Valeur 5 000 \u20ac <sup>HT<\/sup><\/li><li class=\"w-pricing-item-feature\"><span class=\"remise\">Remise 1%<\/span><\/li><li class=\"w-pricing-item-feature\">Prix 4 950 \u20ac <sup>HT<\/sup><\/li><\/ul><div class=\"w-pricing-item-footer\"><a class=\"w-btn us-btn-style_2\" style=\"font-size:15px\" href=\"https:\/\/www.synthes3d.com\/fr\/contact\/\"><span class=\"w-btn-label\">\u00c9conomisez<br \/>50 \u20ac !<\/span><\/a><\/div><\/div><\/div><div class=\"w-pricing-item type_default\"><div class=\"w-pricing-item-h\"><div class=\"w-pricing-item-header\"><div class=\"w-pricing-item-title\">Pack<\/div><div class=\"w-pricing-item-price\">100 Cr\u00e9dits<\/div><\/div><ul class=\"w-pricing-item-features\"><li class=\"w-pricing-item-feature\">Valeur 10 000 \u20ac <sup>HT<\/sup><\/li><li class=\"w-pricing-item-feature\"><span class=\"remise\">Remise 2%<\/span><\/li><li class=\"w-pricing-item-feature\">Prix 9 800 \u20ac <sup>HT<\/sup><\/li><\/ul><div class=\"w-pricing-item-footer\"><a class=\"w-btn us-btn-style_2\" style=\"font-size:15px\" href=\"https:\/\/www.synthes3d.com\/fr\/contact\/\"><span class=\"w-btn-label\">\u00c9conomisez<br \/> 200\u20ac !<\/span><\/a><\/div><\/div><\/div><div class=\"w-pricing-item type_featured\"><div class=\"w-pricing-item-h\"><div class=\"w-pricing-item-header\"><div class=\"w-pricing-item-title\">Pack<\/div><div class=\"w-pricing-item-price\">250 Cr\u00e9dits<\/div><\/div><ul class=\"w-pricing-item-features\"><li class=\"w-pricing-item-feature\">Valeur 25 000 \u20ac <sup>HT<\/sup><\/li><li class=\"w-pricing-item-feature\"><span class=\"remise\">Remise 4%<\/span><\/li><li class=\"w-pricing-item-feature\">Prix 24 000 \u20ac <sup>HT<\/sup><\/li><\/ul><div class=\"w-pricing-item-footer\"><a class=\"w-btn us-btn-style_2\" style=\"font-size:15px\" href=\"https:\/\/www.synthes3d.com\/fr\/contact\/\"><span class=\"w-btn-label\">\u00c9conomisez<br \/>1 000 \u20ac !<\/span><\/a><\/div><\/div><\/div><div class=\"w-pricing-item type_default\"><div class=\"w-pricing-item-h\"><div class=\"w-pricing-item-header\"><div class=\"w-pricing-item-title\">Pack<\/div><div class=\"w-pricing-item-price\">500 Cr\u00e9dits<\/div><\/div><ul class=\"w-pricing-item-features\"><li class=\"w-pricing-item-feature\">Valeur 50 000 \u20ac <sup>HT<\/sup><\/li><li class=\"w-pricing-item-feature\"><span class=\"remise\">Remise 5%<\/span><\/li><li class=\"w-pricing-item-feature\">Prix 47 500 \u20ac <sup>HT<\/sup><\/li><\/ul><div class=\"w-pricing-item-footer\"><a class=\"w-btn us-btn-style_2\" style=\"font-size:15px\" href=\"https:\/\/www.synthes3d.com\/fr\/contact\/\"><span class=\"w-btn-label\">\u00c9conomisez<br \/>2 500 \u20ac !<\/span><\/a><\/div><\/div><\/div><div class=\"w-pricing-item type_default\"><div class=\"w-pricing-item-h\"><div class=\"w-pricing-item-header\"><div class=\"w-pricing-item-title\">Pack<\/div><div class=\"w-pricing-item-price\">1 000 Cr\u00e9dits<\/div><\/div><ul class=\"w-pricing-item-features\"><li class=\"w-pricing-item-feature\">Valeur 100 000 \u20ac <sup>HT<\/sup><\/li><li class=\"w-pricing-item-feature\"><span class=\"remise\">Remise 8%<\/span><\/li><li class=\"w-pricing-item-feature\">Prix 92 000 \u20ac <sup>HT<\/sup><\/li><\/ul><div class=\"w-pricing-item-footer\"><a class=\"w-btn us-btn-style_2\" style=\"font-size:15px\" href=\"https:\/\/www.synthes3d.com\/fr\/contact\/\"><span class=\"w-btn-label\">\u00c9conomisez<br \/>8 000 \u20ac !<\/span><\/a><\/div><\/div><\/div><\/div><div class=\"wpb_text_column\"><div class=\"wpb_wrapper\"><p>* Paiement \u00e0 chaque fin de mois en fonction de votre consommation (par ch\u00e8que, virement ou pr\u00e9l\u00e8vement bancaire)<\/p>\n<\/div><\/div><\/div><\/div><\/div><\/div><\/div><\/div><\/div><\/div><\/div><\/div><\/section>\n","protected":false},"excerpt":{"rendered":"Notre syst\u00e8me de Cr\u00e9ditsAfin de construire un partenariat long-terme avec nos clients et dans le but de r\u00e9duire les circuits administratifs (devis, commandes, factures), nous avons mis en place, pour les clients qui le souhaitent, un syst\u00e8me de Cr\u00e9dits. Le Cr\u00e9dit SYNTHES\u20193D permet de payer toutes prestations effectu\u00e9es chez nous, qu\u2019elles soient courtes comme longues....","protected":false},"author":1,"featured_media":0,"parent":0,"menu_order":4,"comment_status":"closed","ping_status":"closed","template":"","meta":{"footnotes":""},"class_list":["post-904","page","type-page","status-publish","hentry"],"yoast_head":"<!-- This site is optimized with the Yoast SEO plugin v27.0 - https:\/\/yoast.com\/product\/yoast-seo-wordpress\/ -->\n<title>Le Syst\u00e8me de Cr\u00e9dits de notre Studio 3D - SYNTHES&#039;3D<\/title>\n<meta name=\"description\" content=\"SYNTHES&#039;3D propose un syst\u00e8me de Cr\u00e9dits afin de disposer de tarifs tr\u00e8s attractifs pour les illustrations &amp; images 3D.\" \/>\n<meta name=\"robots\" content=\"index, follow, max-snippet:-1, max-image-preview:large, max-video-preview:-1\" \/>\n<meta property=\"og:locale\" content=\"fr_FR\" \/>\n<meta property=\"og:type\" content=\"article\" \/>\n<meta property=\"og:title\" content=\"Le Syst\u00e8me de Cr\u00e9dits de notre Studio 3D - SYNTHES&#039;3D\" \/>\n<meta property=\"og:description\" content=\"SYNTHES&#039;3D propose un syst\u00e8me de Cr\u00e9dits afin de disposer de tarifs tr\u00e8s attractifs pour les illustrations &amp; images 3D.\" \/>\n<meta property=\"og:url\" content=\"https:\/\/www.synthes3d.com\/fr\/credits\/\" \/>\n<meta property=\"og:site_name\" content=\"SYNTHES&#039;3D\" \/>\n<meta property=\"article:modified_time\" content=\"2023-10-19T15:35:41+00:00\" \/>\n<meta property=\"og:image\" content=\"https:\/\/www.synthes3d.com\/wp-content\/uploads\/2018\/04\/OFFICIEL-VERTICAL-SYNTHES3D_v3.png\" \/>\n\t<meta property=\"og:image:width\" content=\"299\" \/>\n\t<meta property=\"og:image:height\" content=\"120\" \/>\n\t<meta property=\"og:image:type\" content=\"image\/png\" \/>\n<meta name=\"twitter:label1\" content=\"Dur\u00e9e de lecture estim\u00e9e\" \/>\n\t<meta name=\"twitter:data1\" content=\"2 minutes\" \/>\n<script type=\"application\/ld+json\" class=\"yoast-schema-graph\">{\"@context\":\"https:\/\/schema.org\",\"@graph\":[{\"@type\":\"WebPage\",\"@id\":\"https:\/\/www.synthes3d.com\/fr\/credits\/\",\"url\":\"https:\/\/www.synthes3d.com\/fr\/credits\/\",\"name\":\"Le Syst\u00e8me de Cr\u00e9dits de notre Studio 3D - SYNTHES'3D\",\"isPartOf\":{\"@id\":\"https:\/\/www.synthes3d.com\/fr\/#website\"},\"datePublished\":\"2018-07-16T13:49:39+00:00\",\"dateModified\":\"2023-10-19T15:35:41+00:00\",\"description\":\"SYNTHES'3D propose un syst\u00e8me de Cr\u00e9dits afin de disposer de tarifs tr\u00e8s attractifs pour les illustrations & images 3D.\",\"breadcrumb\":{\"@id\":\"https:\/\/www.synthes3d.com\/fr\/credits\/#breadcrumb\"},\"inLanguage\":\"fr-FR\",\"potentialAction\":[{\"@type\":\"ReadAction\",\"target\":[\"https:\/\/www.synthes3d.com\/fr\/credits\/\"]}]},{\"@type\":\"BreadcrumbList\",\"@id\":\"https:\/\/www.synthes3d.com\/fr\/credits\/#breadcrumb\",\"itemListElement\":[{\"@type\":\"ListItem\",\"position\":1,\"name\":\"Accueil\",\"item\":\"https:\/\/www.synthes3d.com\/fr\/\"},{\"@type\":\"ListItem\",\"position\":2,\"name\":\"Cr\u00e9dits\"}]},{\"@type\":\"WebSite\",\"@id\":\"https:\/\/www.synthes3d.com\/fr\/#website\",\"url\":\"https:\/\/www.synthes3d.com\/fr\/\",\"name\":\"SYNTHES&#039;3D\",\"description\":\"Studio Digital\",\"publisher\":{\"@id\":\"https:\/\/www.synthes3d.com\/fr\/#organization\"},\"alternateName\":\"SYNTHES3D\",\"potentialAction\":[{\"@type\":\"SearchAction\",\"target\":{\"@type\":\"EntryPoint\",\"urlTemplate\":\"https:\/\/www.synthes3d.com\/fr\/?s={search_term_string}\"},\"query-input\":{\"@type\":\"PropertyValueSpecification\",\"valueRequired\":true,\"valueName\":\"search_term_string\"}}],\"inLanguage\":\"fr-FR\"},{\"@type\":\"Organization\",\"@id\":\"https:\/\/www.synthes3d.com\/fr\/#organization\",\"name\":\"SYNTHES'3D\",\"alternateName\":\"SYNTHES3D\",\"url\":\"https:\/\/www.synthes3d.com\/fr\/\",\"logo\":{\"@type\":\"ImageObject\",\"inLanguage\":\"fr-FR\",\"@id\":\"https:\/\/www.synthes3d.com\/fr\/#\/schema\/logo\/image\/\",\"url\":\"https:\/\/www.synthes3d.com\/wp-content\/uploads\/2018\/10\/mini_logo_v2.png\",\"contentUrl\":\"https:\/\/www.synthes3d.com\/wp-content\/uploads\/2018\/10\/mini_logo_v2.png\",\"width\":287,\"height\":284,\"caption\":\"SYNTHES'3D\"},\"image\":{\"@id\":\"https:\/\/www.synthes3d.com\/fr\/#\/schema\/logo\/image\/\"}}]}<\/script>\n<!-- \/ Yoast SEO plugin. -->","yoast_head_json":{"title":"Le Syst\u00e8me de Cr\u00e9dits de notre Studio 3D - SYNTHES'3D","description":"SYNTHES'3D propose un syst\u00e8me de Cr\u00e9dits afin de disposer de tarifs tr\u00e8s attractifs pour les illustrations & images 3D.","robots":{"index":"index","follow":"follow","max-snippet":"max-snippet:-1","max-image-preview":"max-image-preview:large","max-video-preview":"max-video-preview:-1"},"og_locale":"fr_FR","og_type":"article","og_title":"Le Syst\u00e8me de Cr\u00e9dits de notre Studio 3D - SYNTHES'3D","og_description":"SYNTHES'3D propose un syst\u00e8me de Cr\u00e9dits afin de disposer de tarifs tr\u00e8s attractifs pour les illustrations & images 3D.","og_url":"https:\/\/www.synthes3d.com\/fr\/credits\/","og_site_name":"SYNTHES&#039;3D","article_modified_time":"2023-10-19T15:35:41+00:00","og_image":[{"width":299,"height":120,"url":"https:\/\/www.synthes3d.com\/wp-content\/uploads\/2018\/04\/OFFICIEL-VERTICAL-SYNTHES3D_v3.png","type":"image\/png"}],"twitter_misc":{"Dur\u00e9e de lecture estim\u00e9e":"2 minutes"},"schema":{"@context":"https:\/\/schema.org","@graph":[{"@type":"WebPage","@id":"https:\/\/www.synthes3d.com\/fr\/credits\/","url":"https:\/\/www.synthes3d.com\/fr\/credits\/","name":"Le Syst\u00e8me de Cr\u00e9dits de notre Studio 3D - SYNTHES'3D","isPartOf":{"@id":"https:\/\/www.synthes3d.com\/fr\/#website"},"datePublished":"2018-07-16T13:49:39+00:00","dateModified":"2023-10-19T15:35:41+00:00","description":"SYNTHES'3D propose un syst\u00e8me de Cr\u00e9dits afin de disposer de tarifs tr\u00e8s attractifs pour les illustrations & images 3D.","breadcrumb":{"@id":"https:\/\/www.synthes3d.com\/fr\/credits\/#breadcrumb"},"inLanguage":"fr-FR","potentialAction":[{"@type":"ReadAction","target":["https:\/\/www.synthes3d.com\/fr\/credits\/"]}]},{"@type":"BreadcrumbList","@id":"https:\/\/www.synthes3d.com\/fr\/credits\/#breadcrumb","itemListElement":[{"@type":"ListItem","position":1,"name":"Accueil","item":"https:\/\/www.synthes3d.com\/fr\/"},{"@type":"ListItem","position":2,"name":"Cr\u00e9dits"}]},{"@type":"WebSite","@id":"https:\/\/www.synthes3d.com\/fr\/#website","url":"https:\/\/www.synthes3d.com\/fr\/","name":"SYNTHES&#039;3D","description":"Studio Digital","publisher":{"@id":"https:\/\/www.synthes3d.com\/fr\/#organization"},"alternateName":"SYNTHES3D","potentialAction":[{"@type":"SearchAction","target":{"@type":"EntryPoint","urlTemplate":"https:\/\/www.synthes3d.com\/fr\/?s={search_term_string}"},"query-input":{"@type":"PropertyValueSpecification","valueRequired":true,"valueName":"search_term_string"}}],"inLanguage":"fr-FR"},{"@type":"Organization","@id":"https:\/\/www.synthes3d.com\/fr\/#organization","name":"SYNTHES'3D","alternateName":"SYNTHES3D","url":"https:\/\/www.synthes3d.com\/fr\/","logo":{"@type":"ImageObject","inLanguage":"fr-FR","@id":"https:\/\/www.synthes3d.com\/fr\/#\/schema\/logo\/image\/","url":"https:\/\/www.synthes3d.com\/wp-content\/uploads\/2018\/10\/mini_logo_v2.png","contentUrl":"https:\/\/www.synthes3d.com\/wp-content\/uploads\/2018\/10\/mini_logo_v2.png","width":287,"height":284,"caption":"SYNTHES'3D"},"image":{"@id":"https:\/\/www.synthes3d.com\/fr\/#\/schema\/logo\/image\/"}}]}},"_links":{"self":[{"href":"https:\/\/www.synthes3d.com\/fr\/wp-json\/wp\/v2\/pages\/904","targetHints":{"allow":["GET"]}}],"collection":[{"href":"https:\/\/www.synthes3d.com\/fr\/wp-json\/wp\/v2\/pages"}],"about":[{"href":"https:\/\/www.synthes3d.com\/fr\/wp-json\/wp\/v2\/types\/page"}],"author":[{"embeddable":true,"href":"https:\/\/www.synthes3d.com\/fr\/wp-json\/wp\/v2\/users\/1"}],"replies":[{"embeddable":true,"href":"https:\/\/www.synthes3d.com\/fr\/wp-json\/wp\/v2\/comments?post=904"}],"version-history":[{"count":108,"href":"https:\/\/www.synthes3d.com\/fr\/wp-json\/wp\/v2\/pages\/904\/revisions"}],"predecessor-version":[{"id":6846,"href":"https:\/\/www.synthes3d.com\/fr\/wp-json\/wp\/v2\/pages\/904\/revisions\/6846"}],"wp:attachment":[{"href":"https:\/\/www.synthes3d.com\/fr\/wp-json\/wp\/v2\/media?parent=904"}],"curies":[{"name":"wp","href":"https:\/\/api.w.org\/{rel}","templated":true}]}}